{"id":3675,"date":"2021-03-02T11:22:39","date_gmt":"2021-03-02T11:22:39","guid":{"rendered":"http:\/\/architecture.uns.ac.rs\/?page_id=3675"},"modified":"2021-04-14T16:45:34","modified_gmt":"2021-04-14T16:45:34","slug":"master-akademske-studi%d1%98e","status":"publish","type":"page","link":"https:\/\/architecture.uns.ac.rs\/eng\/master-akademske-studi%d1%98e\/","title":{"rendered":"\u041c\u0430\u0441\u0442\u0435\u0440 \u0430\u043a\u0430\u0434\u0435\u043c\u0441\u043a\u0435 \u0441\u0442\u0443\u0434\u0438\u0458\u0435"},"content":{"rendered":"\t\t<div data-elementor-type=\"wp-page\" data-elementor-id=\"3675\" class=\"elementor elementor-3675\" data-elementor-settings=\"[]\">\n\t\t\t\t\t\t<div class=\"elementor-inner\">\n\t\t\t\t\t\t\t<div class=\"elementor-section-wrap\">\n\t\t\t\t\t\t\t<section class=\"elementor-section elementor-top-section elementor-element elementor-element-a01b757 elementor-section-stretched elementor-section-boxed elementor-section-height-default elementor-section-height-default\" data-id=\"a01b757\" data-element_type=\"section\" data-settings=\"{&quot;stretch_section&quot;:&quot;section-stretched&quot;}\">\n\t\t\t\t\t\t<div class=\"elementor-container elementor-column-gap-custom\">\n\t\t\t\t\t\t\t<div class=\"elementor-row\">\n\t\t\t\t\t<div class=\"elementor-column elementor-col-100 elementor-top-column elementor-element elementor-element-d895b7e\" data-id=\"d895b7e\" data-element_type=\"column\">\n\t\t\t<div class=\"elementor-column-wrap elementor-element-populated\">\n\t\t\t\t\t\t\t<div class=\"elementor-widget-wrap\">\n\t\t\t\t\t\t<div class=\"elementor-element elementor-element-ea012b2 elementor-widget elementor-widget-heading\" data-id=\"ea012b2\" data-element_type=\"widget\" data-widget_type=\"heading.default\">\n\t\t\t\t<div class=\"elementor-widget-container\">\n\t\t\t<h2 class=\"elementor-heading-title elementor-size-default\">Architecture<\/h2>\t\t<\/div>\n\t\t\t\t<\/div>\n\t\t\t\t<div class=\"elementor-element elementor-element-da6b1fd elementor-widget elementor-widget-text-editor\" data-id=\"da6b1fd\" data-element_type=\"widget\" data-widget_type=\"text-editor.default\">\n\t\t\t\t<div class=\"elementor-widget-container\">\n\t\t\t\t\t<div class=\"elementor-text-editor elementor-clearfix\"><h6><span style=\"color: #808080;\">Master Academic Studies<\/span><\/h6><\/div>\n\t\t\t\t<\/div>\n\t\t\t\t<\/div>\n\t\t\t\t<div class=\"elementor-element elementor-element-8a4a3d7 elementor-widget-divider--view-line elementor-widget elementor-widget-divider\" data-id=\"8a4a3d7\" data-element_type=\"widget\" data-widget_type=\"divider.default\">\n\t\t\t\t<div class=\"elementor-widget-container\">\n\t\t\t\t\t<div class=\"elementor-divider\">\n\t\t\t<span class=\"elementor-divider-separator\">\n\t\t\t\t\t\t<\/span>\n\t\t<\/div>\n\t\t\t\t<\/div>\n\t\t\t\t<\/div>\n\t\t\t\t<div class=\"elementor-element elementor-element-98d2b28 elementor-widget elementor-widget-image\" data-id=\"98d2b28\" data-element_type=\"widget\" data-widget_type=\"image.default\">\n\t\t\t\t<div class=\"elementor-widget-container\">\n\t\t\t\t\t<div class=\"elementor-image\">\n\t\t\t\t\t\t\t\t\t\t<img width=\"1024\" height=\"923\" src=\"https:\/\/architecture.uns.ac.rs\/eng\/wp-content\/uploads\/2021\/03\/branka_kristijan-1-1024x923.jpg\" class=\"attachment-large size-large\" alt=\"\" loading=\"lazy\" srcset=\"https:\/\/architecture.uns.ac.rs\/eng\/wp-content\/uploads\/2021\/03\/branka_kristijan-1-1024x923.jpg 1024w, https:\/\/architecture.uns.ac.rs\/eng\/wp-content\/uploads\/2021\/03\/branka_kristijan-1-300x270.jpg 300w, https:\/\/architecture.uns.ac.rs\/eng\/wp-content\/uploads\/2021\/03\/branka_kristijan-1-768x692.jpg 768w, https:\/\/architecture.uns.ac.rs\/eng\/wp-content\/uploads\/2021\/03\/branka_kristijan-1-1536x1384.jpg 1536w, https:\/\/architecture.uns.ac.rs\/eng\/wp-content\/uploads\/2021\/03\/branka_kristijan-1-830x748.jpg 830w, https:\/\/architecture.uns.ac.rs\/eng\/wp-content\/uploads\/2021\/03\/branka_kristijan-1-230x207.jpg 230w, https:\/\/architecture.uns.ac.rs\/eng\/wp-content\/uploads\/2021\/03\/branka_kristijan-1-350x315.jpg 350w, https:\/\/architecture.uns.ac.rs\/eng\/wp-content\/uploads\/2021\/03\/branka_kristijan-1-480x433.jpg 480w, https:\/\/architecture.uns.ac.rs\/eng\/wp-content\/uploads\/2021\/03\/branka_kristijan-1.jpg 1638w\" sizes=\"(max-width: 1024px) 100vw, 1024px\" \/>\t\t\t\t\t\t\t\t\t\t\t<\/div>\n\t\t\t\t<\/div>\n\t\t\t\t<\/div>\n\t\t\t\t<div class=\"elementor-element elementor-element-8025e0a elementor-widget elementor-widget-text-editor\" data-id=\"8025e0a\" data-element_type=\"widget\" data-widget_type=\"text-editor.default\">\n\t\t\t\t<div class=\"elementor-widget-container\">\n\t\t\t\t\t<div class=\"elementor-text-editor elementor-clearfix\"><p style=\"font-size: 10px; text-align: left;\"><span style=\"color: #bebebe;\"><i>Contemporary theories and technologies applied to architecture, urbanism and design 2, <\/i>Branka Bo\u017ei\u0107, Kristijan Kne\u017eevi\u0107, 2020<\/span><span style=\"color: #a9a9a9;\"><br \/><\/span><\/p><\/div>\n\t\t\t\t<\/div>\n\t\t\t\t<\/div>\n\t\t\t\t<div class=\"elementor-element elementor-element-de8b2eb elementor-widget elementor-widget-spacer\" data-id=\"de8b2eb\" data-element_type=\"widget\" data-widget_type=\"spacer.default\">\n\t\t\t\t<div class=\"elementor-widget-container\">\n\t\t\t\t\t<div class=\"elementor-spacer\">\n\t\t\t<div class=\"elementor-spacer-inner\"><\/div>\n\t\t<\/div>\n\t\t\t\t<\/div>\n\t\t\t\t<\/div>\n\t\t\t\t<div class=\"elementor-element elementor-element-add075d elementor-widget__width-initial elementor-widget elementor-widget-text-editor\" data-id=\"add075d\" data-element_type=\"widget\" data-widget_type=\"text-editor.default\">\n\t\t\t\t<div class=\"elementor-widget-container\">\n\t\t\t\t\t<div class=\"elementor-text-editor elementor-clearfix\"><p>Master academic studies in Architecture last one year, are worth 60 ECTS and provide students with further training in six elective areas &#8211; modules:<\/p><p style=\"padding-left: 40px;\">Architectural design<br \/>Urban design and the phenomena of the modern city<br \/>Interior design<br \/>Energy efficiency in architectural structures<br \/>Digital design and fabrication<br \/>Architectural visualization and simulations<\/p><p>After completing their studies and defending their master thesis, the students acquire the academic title: Master in Architecture.<\/p><p>The student opts for one of the four elective areas-modules based on their previous education, personal and professional affinities. The classes in the elective module are organized if there is a sufficient number of students enrolled. If there are not enough candidates, the classes are not organized or the Faculty management makes a decision to organize classes in this elective module in the form of mentoring work with students.<\/p><p>Architectural design &#8211; This elective module focuses on design issues in the contemporary context. Within the elective area courses, the students get acquainted, through their individual projects coupled with the analysis of the theoretical concepts presented in lectures, with complex programs and the problems of their conception, development, elaboration and realization. \u00a0In that way, they prepare for future practical work, furthering their own design potentials.<\/p><p>Urban design and the phenomena of the modern city \u2013 This elective module aims to provide students with the necessary theoretical, methodological and practical knowledge in the field of urban design. The complex processes of modern cities are analysed from the aspect of spatial, cultural and social context. The courses within the elective area are focused on different topics: relevant theoretical framework; urban design in a complex environment; participatory processes; strategic development; cultural theories of modern cities; dynamics of modern cities; development of informal settlements; design and planning; architecture and housing in modern cities; practical application of computer technologies, etc. These aspects are interconnected through a modern approach and current research and projects aimed at forming a comprehensive view of today&#8217;s cities while providing a synthesis of all relevant forces and influences that act in modern urban systems.<\/p><p>Interior Design \u2013 This elective two-semester module deals intensively with issues of interior design. Within the compulsory and elective courses, the students encounter through intensive work on their own projects related to complex issues of interior design, development and implementation. In this way, they prepare for all aspects of their future practical work, further exploring own potentials for work in the field of interior design.<\/p><p>Energy efficiency in architectural structures \u2013 This elective module includes the study of topics related to electricity supply, heating\/cooling systems and other technical aspects in architectural structures from the aspect of energy efficiency. The students are also introduced to the current regulations related to the energy efficiency of architectural structures. The goal of the elective module Energy efficiency in architectural buildings is to provide students with the basic knowledge in the field of energy efficiency of architectural buildings through compulsory and elective courses, which they can apply according to their personal interests in their own research work in cooperation with teachers.<\/p><p>Digital Design and Fabrication \u2013 This elective module provides students with additional knowledge for the application of various digital tools and algorithms in the process of designing complex and non-standard forms in architecture as well as for fabrication.<\/p><\/div>\n\t\t\t\t<\/div>\n\t\t\t\t<\/div>\n\t\t\t\t<div class=\"elementor-element elementor-element-97e791d elementor-widget-divider--view-line elementor-widget elementor-widget-divider\" data-id=\"97e791d\" data-element_type=\"widget\" data-widget_type=\"divider.default\">\n\t\t\t\t<div class=\"elementor-widget-container\">\n\t\t\t\t\t<div class=\"elementor-divider\">\n\t\t\t<span class=\"elementor-divider-separator\">\n\t\t\t\t\t\t<\/span>\n\t\t<\/div>\n\t\t\t\t<\/div>\n\t\t\t\t<\/div>\n\t\t\t\t<div class=\"elementor-element elementor-element-f4be880 elementor-widget elementor-widget-text-editor\" data-id=\"f4be880\" data-element_type=\"widget\" data-widget_type=\"text-editor.default\">\n\t\t\t\t<div class=\"elementor-widget-container\">\n\t\t\t\t\t<div class=\"elementor-text-editor elementor-clearfix\"><h6><strong>Head of the study program Master Academic Studies<\/strong><\/h6><\/div>\n\t\t\t\t<\/div>\n\t\t\t\t<\/div>\n\t\t\t\t<div class=\"elementor-element elementor-element-178e941 elementor-widget-divider--view-line elementor-widget elementor-widget-divider\" data-id=\"178e941\" data-element_type=\"widget\" data-widget_type=\"divider.default\">\n\t\t\t\t<div class=\"elementor-widget-container\">\n\t\t\t\t\t<div class=\"elementor-divider\">\n\t\t\t<span class=\"elementor-divider-separator\">\n\t\t\t\t\t\t<\/span>\n\t\t<\/div>\n\t\t\t\t<\/div>\n\t\t\t\t<\/div>\n\t\t\t\t<section class=\"elementor-section elementor-inner-section elementor-element elementor-element-9f14cb4 elementor-section-boxed elementor-section-height-default elementor-section-height-default\" data-id=\"9f14cb4\" data-element_type=\"section\">\n\t\t\t\t\t\t<div class=\"elementor-container elementor-column-gap-default\">\n\t\t\t\t\t\t\t<div class=\"elementor-row\">\n\t\t\t\t\t<div class=\"elementor-column elementor-col-50 elementor-inner-column elementor-element elementor-element-03402cf\" data-id=\"03402cf\" data-element_type=\"column\">\n\t\t\t<div class=\"elementor-column-wrap elementor-element-populated\">\n\t\t\t\t\t\t\t<div class=\"elementor-widget-wrap\">\n\t\t\t\t\t\t<div class=\"elementor-element elementor-element-bad5184 elementor-widget elementor-widget-text-editor\" data-id=\"bad5184\" data-element_type=\"widget\" data-widget_type=\"text-editor.default\">\n\t\t\t\t<div class=\"elementor-widget-container\">\n\t\t\t\t\t<div class=\"elementor-text-editor elementor-clearfix\"><h6 style=\"text-align: left;\"><strong>Igor Maras, PhD <\/strong><br \/><span style=\"color: #808080; font-size: 90%;\">Associate Professor<\/span><\/h6><p style=\"text-align: left;\"><span style=\"color: #333333; font-size: 100%;\">Contact:<\/span><br \/><span style=\"color: #333333; font-size: 100%;\">+ 381 21\u00a0 485-2466<\/span><br \/><span style=\"color: #008080;\"><a style=\"color: #008080;\" href=\"mailto:imaras@uns.ac.rs\">imaras@uns.ac.rs<\/a><\/span><\/p><\/div>\n\t\t\t\t<\/div>\n\t\t\t\t<\/div>\n\t\t\t\t\t\t<\/div>\n\t\t\t\t\t<\/div>\n\t\t<\/div>\n\t\t\t\t<div class=\"elementor-column elementor-col-50 elementor-inner-column elementor-element elementor-element-b474a01\" data-id=\"b474a01\" data-element_type=\"column\">\n\t\t\t<div class=\"elementor-column-wrap\">\n\t\t\t\t\t\t\t<div class=\"elementor-widget-wrap\">\n\t\t\t\t\t\t\t\t<\/div>\n\t\t\t\t\t<\/div>\n\t\t<\/div>\n\t\t\t\t\t\t\t\t<\/div>\n\t\t\t\t\t<\/div>\n\t\t<\/section>\n\t\t\t\t<div class=\"elementor-element elementor-element-b292eca elementor-widget-divider--view-line elementor-widget elementor-widget-divider\" data-id=\"b292eca\" data-element_type=\"widget\" data-widget_type=\"divider.default\">\n\t\t\t\t<div class=\"elementor-widget-container\">\n\t\t\t\t\t<div class=\"elementor-divider\">\n\t\t\t<span class=\"elementor-divider-separator\">\n\t\t\t\t\t\t<\/span>\n\t\t<\/div>\n\t\t\t\t<\/div>\n\t\t\t\t<\/div>\n\t\t\t\t<div class=\"elementor-element elementor-element-81fbd94 elementor-widget__width-initial elementor-widget elementor-widget-text-editor\" data-id=\"81fbd94\" data-element_type=\"widget\" data-widget_type=\"text-editor.default\">\n\t\t\t\t<div class=\"elementor-widget-container\">\n\t\t\t\t\t<div class=\"elementor-text-editor elementor-clearfix\"><p>Information on the Master Academic Studies in Architecture is available on the website of the Faculty of Technical Sciences:<\/p><p><span style=\"text-decoration: underline; color: #808080;\"><a style=\"color: #808080; text-decoration: underline;\" href=\"http:\/\/ftn.uns.ac.rs\/950898682\/architecture\">http:\/\/ftn.uns.ac.rs\/950898682\/architecture<\/a><\/span><\/p><\/div>\n\t\t\t\t<\/div>\n\t\t\t\t<\/div>\n\t\t\t\t<div class=\"elementor-element elementor-element-29d1c89 elementor-widget elementor-widget-spacer\" data-id=\"29d1c89\" data-element_type=\"widget\" data-widget_type=\"spacer.default\">\n\t\t\t\t<div class=\"elementor-widget-container\">\n\t\t\t\t\t<div class=\"elementor-spacer\">\n\t\t\t<div class=\"elementor-spacer-inner\"><\/div>\n\t\t<\/div>\n\t\t\t\t<\/div>\n\t\t\t\t<\/div>\n\t\t\t\t<div class=\"elementor-element elementor-element-0280f30 elementor-widget-divider--view-line elementor-widget elementor-widget-divider\" data-id=\"0280f30\" data-element_type=\"widget\" data-widget_type=\"divider.default\">\n\t\t\t\t<div class=\"elementor-widget-container\">\n\t\t\t\t\t<div class=\"elementor-divider\">\n\t\t\t<span class=\"elementor-divider-separator\">\n\t\t\t\t\t\t<\/span>\n\t\t<\/div>\n\t\t\t\t<\/div>\n\t\t\t\t<\/div>\n\t\t\t\t\t\t<\/div>\n\t\t\t\t\t<\/div>\n\t\t<\/div>\n\t\t\t\t\t\t\t\t<\/div>\n\t\t\t\t\t<\/div>\n\t\t<\/section>\n\t\t\t\t\t\t<\/div>\n\t\t\t\t\t\t<\/div>\n\t\t\t\t\t<\/div>\n\t\t","protected":false},"excerpt":{"rendered":"<p>Architecture Master Academic Studies Contemporary theories and technologies applied to architecture, urbanism and design 2, Branka Bo\u017ei\u0107, Kristijan Kne\u017eevi\u0107, 2020 Master academic studies in Architecture last one year, are worth 60 ECTS and provide students with further training in six elective areas &#8211; modules: Architectural designUrban design and the phenomena of the modern cityInterior designEnergy [&hellip;]<\/p>\n","protected":false},"author":3,"featured_media":0,"parent":0,"menu_order":0,"comment_status":"closed","ping_status":"closed","template":"","meta":{"ngg_post_thumbnail":0},"_links":{"self":[{"href":"https:\/\/architecture.uns.ac.rs\/eng\/wp-json\/wp\/v2\/pages\/3675"}],"collection":[{"href":"https:\/\/architecture.uns.ac.rs\/eng\/wp-json\/wp\/v2\/pages"}],"about":[{"href":"https:\/\/architecture.uns.ac.rs\/eng\/wp-json\/wp\/v2\/types\/page"}],"author":[{"embeddable":true,"href":"https:\/\/architecture.uns.ac.rs\/eng\/wp-json\/wp\/v2\/users\/3"}],"replies":[{"embeddable":true,"href":"https:\/\/architecture.uns.ac.rs\/eng\/wp-json\/wp\/v2\/comments?post=3675"}],"version-history":[{"count":115,"href":"https:\/\/architecture.uns.ac.rs\/eng\/wp-json\/wp\/v2\/pages\/3675\/revisions"}],"predecessor-version":[{"id":11199,"href":"https:\/\/architecture.uns.ac.rs\/eng\/wp-json\/wp\/v2\/pages\/3675\/revisions\/11199"}],"wp:attachment":[{"href":"https:\/\/architecture.uns.ac.rs\/eng\/wp-json\/wp\/v2\/media?parent=3675"}],"curies":[{"name":"wp","href":"https:\/\/api.w.org\/{rel}","templated":true}]}}