{"id":1874,"date":"2021-02-17T23:24:16","date_gmt":"2021-02-17T23:24:16","guid":{"rendered":"http:\/\/senvibe.uns.ac.rs\/arhitektura.uns.ac.rs\/?page_id=1874"},"modified":"2021-06-03T14:23:12","modified_gmt":"2021-06-03T14:23:12","slug":"master-akademske-studije-digitalni-dizajn","status":"publish","type":"page","link":"https:\/\/architecture.uns.ac.rs\/eng\/master-akademske-studije-digitalni-dizajn\/","title":{"rendered":"\u041c\u0430\u0441\u0442\u0435\u0440 \u0430\u043a\u0430\u0434\u0435\u043c\u0441\u043a\u0435 \u0441\u0442\u0443\u0434\u0438\u0458\u0435 &#8211; \u0434\u0438\u0433\u0438\u0442\u0430\u043b\u043d\u0438 \u0434\u0438\u0437\u0430\u0458\u043d"},"content":{"rendered":"\t\t<div data-elementor-type=\"wp-page\" data-elementor-id=\"1874\" class=\"elementor elementor-1874\" data-elementor-settings=\"[]\">\n\t\t\t\t\t\t<div class=\"elementor-inner\">\n\t\t\t\t\t\t\t<div class=\"elementor-section-wrap\">\n\t\t\t\t\t\t\t<section class=\"elementor-section elementor-top-section elementor-element elementor-element-a616e28 elementor-section-stretched elementor-section-boxed elementor-section-height-default elementor-section-height-default\" data-id=\"a616e28\" data-element_type=\"section\" data-settings=\"{&quot;stretch_section&quot;:&quot;section-stretched&quot;}\">\n\t\t\t\t\t\t<div class=\"elementor-container elementor-column-gap-default\">\n\t\t\t\t\t\t\t<div class=\"elementor-row\">\n\t\t\t\t\t<div class=\"elementor-column elementor-col-100 elementor-top-column elementor-element elementor-element-d75f578\" data-id=\"d75f578\" data-element_type=\"column\">\n\t\t\t<div class=\"elementor-column-wrap elementor-element-populated\">\n\t\t\t\t\t\t\t<div class=\"elementor-widget-wrap\">\n\t\t\t\t\t\t<div class=\"elementor-element elementor-element-522a5a4 elementor-widget elementor-widget-image\" data-id=\"522a5a4\" data-element_type=\"widget\" data-widget_type=\"image.default\">\n\t\t\t\t<div class=\"elementor-widget-container\">\n\t\t\t\t\t<div class=\"elementor-image\">\n\t\t\t\t\t\t\t\t\t\t\t<a href=\"http:\/\/www.arhns.uns.ac.rs\/digital\/\">\n\t\t\t\t\t\t\t<img width=\"1024\" height=\"496\" src=\"https:\/\/architecture.uns.ac.rs\/eng\/wp-content\/uploads\/2021\/03\/new-cover-1024x496.jpg\" class=\"attachment-large size-large\" alt=\"\" loading=\"lazy\" srcset=\"https:\/\/architecture.uns.ac.rs\/eng\/wp-content\/uploads\/2021\/03\/new-cover-1024x496.jpg 1024w, https:\/\/architecture.uns.ac.rs\/eng\/wp-content\/uploads\/2021\/03\/new-cover-300x145.jpg 300w, https:\/\/architecture.uns.ac.rs\/eng\/wp-content\/uploads\/2021\/03\/new-cover-768x372.jpg 768w, https:\/\/architecture.uns.ac.rs\/eng\/wp-content\/uploads\/2021\/03\/new-cover-1536x743.jpg 1536w, https:\/\/architecture.uns.ac.rs\/eng\/wp-content\/uploads\/2021\/03\/new-cover-830x402.jpg 830w, https:\/\/architecture.uns.ac.rs\/eng\/wp-content\/uploads\/2021\/03\/new-cover-230x111.jpg 230w, https:\/\/architecture.uns.ac.rs\/eng\/wp-content\/uploads\/2021\/03\/new-cover-350x169.jpg 350w, https:\/\/architecture.uns.ac.rs\/eng\/wp-content\/uploads\/2021\/03\/new-cover-480x232.jpg 480w, https:\/\/architecture.uns.ac.rs\/eng\/wp-content\/uploads\/2021\/03\/new-cover.jpg 1895w\" sizes=\"(max-width: 1024px) 100vw, 1024px\" \/>\t\t\t\t\t\t\t\t<\/a>\n\t\t\t\t\t\t\t\t\t\t\t<\/div>\n\t\t\t\t<\/div>\n\t\t\t\t<\/div>\n\t\t\t\t<div class=\"elementor-element elementor-element-54bc61f elementor-widget elementor-widget-text-editor\" data-id=\"54bc61f\" data-element_type=\"widget\" data-widget_type=\"text-editor.default\">\n\t\t\t\t<div class=\"elementor-widget-container\">\n\t\t\t\t\t<div class=\"elementor-text-editor elementor-clearfix\"><p style=\"font-size: 10px; text-align: left;\"><span style=\"color: #bebebe;\">String Art, \u0434\u0440 \u041c\u0430\u0440\u043a\u043e \u0408\u043e\u0432\u0430\u043d\u043e\u0432\u0438\u0446, \u041c\u0430\u0440\u043a\u043e \u0412\u0443\u0447\u0438\u045b, \u0434\u0440 \u0411\u043e\u0458\u0430\u043d \u0422\u0435\u043f\u0430\u0432\u0447\u0435\u0432\u0438\u045b, \u0434\u0440 \u041c\u0438\u0440\u043a\u043e \u0420\u0430\u043a\u043e\u0432\u0438\u045b, \u0434\u0440 \u0408\u043e\u0432\u0438\u0446\u0430 \u0422\u0430\u0441\u0435\u0432\u0441\u043a\u0438 2019.<\/span><br \/><span style=\"color: #bebebe;\">\u0421\u0430\u0440\u0430\u0434\u043d\u0438\u0446\u0438: Milana Mitrovi\u0107, Tatjana Pr\u010di\u0107<\/span><\/p><\/div>\n\t\t\t\t<\/div>\n\t\t\t\t<\/div>\n\t\t\t\t\t\t<\/div>\n\t\t\t\t\t<\/div>\n\t\t<\/div>\n\t\t\t\t\t\t\t\t<\/div>\n\t\t\t\t\t<\/div>\n\t\t<\/section>\n\t\t\t\t<section class=\"elementor-section elementor-top-section elementor-element elementor-element-327a1b0b elementor-section-stretched elementor-section-boxed elementor-section-height-default elementor-section-height-default\" data-id=\"327a1b0b\" data-element_type=\"section\" data-settings=\"{&quot;stretch_section&quot;:&quot;section-stretched&quot;}\">\n\t\t\t\t\t\t<div class=\"elementor-container elementor-column-gap-custom\">\n\t\t\t\t\t\t\t<div class=\"elementor-row\">\n\t\t\t\t\t<div class=\"elementor-column elementor-col-100 elementor-top-column elementor-element elementor-element-21f4e7f6\" data-id=\"21f4e7f6\" data-element_type=\"column\">\n\t\t\t<div class=\"elementor-column-wrap elementor-element-populated\">\n\t\t\t\t\t\t\t<div class=\"elementor-widget-wrap\">\n\t\t\t\t\t\t<div class=\"elementor-element elementor-element-4c7ac9df elementor-widget elementor-widget-heading\" data-id=\"4c7ac9df\" data-element_type=\"widget\" data-widget_type=\"heading.default\">\n\t\t\t\t<div class=\"elementor-widget-container\">\n\t\t\t<h2 class=\"elementor-heading-title elementor-size-default\"><a href=\"http:\/\/www.arhns.uns.ac.rs\/digital\/\">Digital Technologies, Design and Production in Architecture and Urbanism<\/a><\/h2>\t\t<\/div>\n\t\t\t\t<\/div>\n\t\t\t\t<div class=\"elementor-element elementor-element-2ade3c7f elementor-widget elementor-widget-text-editor\" data-id=\"2ade3c7f\" data-element_type=\"widget\" data-widget_type=\"text-editor.default\">\n\t\t\t\t<div class=\"elementor-widget-container\">\n\t\t\t\t\t<div class=\"elementor-text-editor elementor-clearfix\"><h6><span style=\"color: #808080;\">Master Academic Studies<\/span><\/h6><\/div>\n\t\t\t\t<\/div>\n\t\t\t\t<\/div>\n\t\t\t\t<div class=\"elementor-element elementor-element-1f0d4f5a elementor-widget-divider--view-line elementor-widget elementor-widget-divider\" data-id=\"1f0d4f5a\" data-element_type=\"widget\" data-widget_type=\"divider.default\">\n\t\t\t\t<div class=\"elementor-widget-container\">\n\t\t\t\t\t<div class=\"elementor-divider\">\n\t\t\t<span class=\"elementor-divider-separator\">\n\t\t\t\t\t\t<\/span>\n\t\t<\/div>\n\t\t\t\t<\/div>\n\t\t\t\t<\/div>\n\t\t\t\t<div class=\"elementor-element elementor-element-5185364 elementor-widget elementor-widget-spacer\" data-id=\"5185364\" data-element_type=\"widget\" data-widget_type=\"spacer.default\">\n\t\t\t\t<div class=\"elementor-widget-container\">\n\t\t\t\t\t<div class=\"elementor-spacer\">\n\t\t\t<div class=\"elementor-spacer-inner\"><\/div>\n\t\t<\/div>\n\t\t\t\t<\/div>\n\t\t\t\t<\/div>\n\t\t\t\t<div class=\"elementor-element elementor-element-2935f7d elementor-widget elementor-widget-text-editor\" data-id=\"2935f7d\" data-element_type=\"widget\" data-widget_type=\"text-editor.default\">\n\t\t\t\t<div class=\"elementor-widget-container\">\n\t\t\t\t\t<div class=\"elementor-text-editor elementor-clearfix\"><p>The name of this study program of Master Academic Studies is Digital Technologies, Design and Production in Architecture. Upon completion of the study program, the student acquires the academic title: Master of Architecture (M. Arch.).<\/p><p>The outcome of the learning process at this level of study is the knowledge that allows students to advance problems and tasks in the field of architecture through work with specialized software tools, programming techniques, modeling and visualization in architecture, the use of professional literature, the application of knowledge in solving specific problems in the profession or continuation of studies at the doctoral level (if they so choose). In order to enroll, a candidate must have completed the first cycle of academic studies (bachelor academic studies), in the field of architecture (technical sciences and technology), which are evaluated with at least 240 ECTS.<\/p><p>The study program of the master&#8217;s academic studies in Digital Technologies, Design and Production in Architecture lasts one year and is worth 60 ECTS. This study program includes required and elective courses, practical work (internship) and master thesis. The program comprises three required courses and three elective positions where students choose courses that suit their personal interests. The course outlines and their types are given in the Curriculum of the study program and in the tables of course specifications. Each course curriculum is designed to provide students with the opportunity to focus on the concrete issues that are specific to a particular area of digital technologies in the field of architecture.<\/p><p>The courses in this study program last one semester and bring an appropriate number of ECTS credits. The standards stipulate that one ECTS point corresponds to approximately 30 hours of student activity (lectures, practice classes, exam preparation). Student obligations within the practice classes may include the preparation of seminar papers and homework, project assignments, semester and graphic papers, where each student activity during the course is monitored and evaluated according to the Rulebook on teaching, methodology for awarding ECTS credits, basics of evaluation of pre-examination obligations and student knowledge assessment which has been adopted at the Faculty level. At enrollment to the program, each student is assigned an advisor who guides them, according to their interests, in relation to choosing a particular course from elective positions, completing the professional internship and choosing a topic for their master thesis. The proposal, which is jointly completed by the student and their advisor, is adopted by the Committee for the quality of the study program. A student\u2019s work and progress during their studies at the Faculty are monitored by the assigned advisor. \u00a0The teaching process includes lectures and practice classes. \u00a0At the lectures, the curriculum topics are presented with the necessary explanations that contribute to a better understanding of the subject matter using appropriate didactic means. The practice classes, which accompany the lectures, deal with specific tasks and present examples that further illustrate the material. Additional explanations of the material presented at the lectures are also given.<\/p><p>The students are expected to complete the obligatory professional internship in architectural offices of their choice during the study program. University classes take place in the amphitheater, computer labs and classrooms-workshops where models are made or exhibited. The teaching process involves active and interactive methods and includes lectures, exercises, mentoring, individual work, group projects, professional internship, seminar papers and consultations.<\/p><p>Information on master academic studies is available on the website: <a href=\"http:\/\/www.arhns.uns.ac.rs\/digital\/\"><span style=\"text-decoration: underline;\"><span style=\"color: #808080; text-decoration: underline;\">Digital Technologies, Design and Production in Architecture<\/span><\/span><\/a><\/p><hr \/><\/div>\n\t\t\t\t<\/div>\n\t\t\t\t<\/div>\n\t\t\t\t<div class=\"elementor-element elementor-element-57fd86a elementor-widget elementor-widget-text-editor\" data-id=\"57fd86a\" data-element_type=\"widget\" data-widget_type=\"text-editor.default\">\n\t\t\t\t<div class=\"elementor-widget-container\">\n\t\t\t\t\t<div class=\"elementor-text-editor elementor-clearfix\"><h6><strong>Head of the study program | Master Academic Studies\u00a0<\/strong><\/h6><\/div>\n\t\t\t\t<\/div>\n\t\t\t\t<\/div>\n\t\t\t\t<div class=\"elementor-element elementor-element-6f0d2bf elementor-widget-divider--view-line elementor-widget elementor-widget-divider\" data-id=\"6f0d2bf\" data-element_type=\"widget\" data-widget_type=\"divider.default\">\n\t\t\t\t<div class=\"elementor-widget-container\">\n\t\t\t\t\t<div class=\"elementor-divider\">\n\t\t\t<span class=\"elementor-divider-separator\">\n\t\t\t\t\t\t<\/span>\n\t\t<\/div>\n\t\t\t\t<\/div>\n\t\t\t\t<\/div>\n\t\t\t\t<section class=\"elementor-section elementor-inner-section elementor-element elementor-element-a6ed63e elementor-section-boxed elementor-section-height-default elementor-section-height-default\" data-id=\"a6ed63e\" data-element_type=\"section\">\n\t\t\t\t\t\t<div class=\"elementor-container elementor-column-gap-default\">\n\t\t\t\t\t\t\t<div class=\"elementor-row\">\n\t\t\t\t\t<div class=\"elementor-column elementor-col-50 elementor-inner-column elementor-element elementor-element-95da3de\" data-id=\"95da3de\" data-element_type=\"column\">\n\t\t\t<div class=\"elementor-column-wrap elementor-element-populated\">\n\t\t\t\t\t\t\t<div class=\"elementor-widget-wrap\">\n\t\t\t\t\t\t<div class=\"elementor-element elementor-element-3e5dcc1 elementor-widget elementor-widget-text-editor\" data-id=\"3e5dcc1\" data-element_type=\"widget\" data-widget_type=\"text-editor.default\">\n\t\t\t\t<div class=\"elementor-widget-container\">\n\t\t\t\t\t<div class=\"elementor-text-editor elementor-clearfix\"><h6 style=\"text-align: left;\"><strong>Bojan Tepav\u010devi\u0107, PhD <\/strong><br \/><span style=\"color: #808080; font-size: 90%;\">Associate Professor <\/span><\/h6><p style=\"text-align: left;\"><span style=\"color: #333333; font-size: 100%;\">Contact:<\/span><br \/><span style=\"color: #333333; font-size: 100%;\">+ 381 21\u00a0 485-2421<\/span><br \/><span style=\"color: #008080;\"><a style=\"color: #008080;\" href=\"mailto:tepavcevicb@uns.ac.rs\">tepavcevicb@uns.ac.rs<\/a><\/span><\/p><\/div>\n\t\t\t\t<\/div>\n\t\t\t\t<\/div>\n\t\t\t\t\t\t<\/div>\n\t\t\t\t\t<\/div>\n\t\t<\/div>\n\t\t\t\t<div class=\"elementor-column elementor-col-50 elementor-inner-column elementor-element elementor-element-7dbe05a\" data-id=\"7dbe05a\" data-element_type=\"column\">\n\t\t\t<div class=\"elementor-column-wrap elementor-element-populated\">\n\t\t\t\t\t\t\t<div class=\"elementor-widget-wrap\">\n\t\t\t\t\t\t<div class=\"elementor-element elementor-element-23207ac elementor-widget elementor-widget-image\" data-id=\"23207ac\" data-element_type=\"widget\" data-widget_type=\"image.default\">\n\t\t\t\t<div class=\"elementor-widget-container\">\n\t\t\t\t\t<div class=\"elementor-image\">\n\t\t\t\t\t\t\t\t\t\t<img src=\"https:\/\/architecture.uns.ac.rs\/eng\/wp-content\/uploads\/2021\/04\/bt.jpg\" title=\"bt\" alt=\"bt\" \/>\t\t\t\t\t\t\t\t\t\t\t<\/div>\n\t\t\t\t<\/div>\n\t\t\t\t<\/div>\n\t\t\t\t\t\t<\/div>\n\t\t\t\t\t<\/div>\n\t\t<\/div>\n\t\t\t\t\t\t\t\t<\/div>\n\t\t\t\t\t<\/div>\n\t\t<\/section>\n\t\t\t\t<div class=\"elementor-element elementor-element-119b2ff elementor-widget-divider--view-line elementor-widget elementor-widget-divider\" data-id=\"119b2ff\" data-element_type=\"widget\" data-widget_type=\"divider.default\">\n\t\t\t\t<div class=\"elementor-widget-container\">\n\t\t\t\t\t<div class=\"elementor-divider\">\n\t\t\t<span class=\"elementor-divider-separator\">\n\t\t\t\t\t\t<\/span>\n\t\t<\/div>\n\t\t\t\t<\/div>\n\t\t\t\t<\/div>\n\t\t\t\t<div class=\"elementor-element elementor-element-476e31d elementor-widget elementor-widget-text-editor\" data-id=\"476e31d\" data-element_type=\"widget\" data-widget_type=\"text-editor.default\">\n\t\t\t\t<div class=\"elementor-widget-container\">\n\t\t\t\t\t<div class=\"elementor-text-editor elementor-clearfix\"><p>Information on master academic studies in Digital Technologies, Design and Production in Architecture is available on the website of the Faculty of Technical Sciences:<\/p><p><span style=\"text-decoration: underline;\"><span style=\"color: #808080;\"><a style=\"color: #808080; text-decoration: underline;\" href=\"http:\/\/www.ftn.uns.ac.rs\/2041835130\/digital-techniques--design-and-production-in-architecture-and-urban-planning\">http:\/\/www.ftn.uns.ac.rs\/2041835130\/digital-techniques&#8211;design-and-production-in-architecture-and-urban-planning<\/a><\/span><\/span><\/p><\/div>\n\t\t\t\t<\/div>\n\t\t\t\t<\/div>\n\t\t\t\t<div class=\"elementor-element elementor-element-190d7f4d elementor-widget elementor-widget-spacer\" data-id=\"190d7f4d\" data-element_type=\"widget\" data-widget_type=\"spacer.default\">\n\t\t\t\t<div class=\"elementor-widget-container\">\n\t\t\t\t\t<div class=\"elementor-spacer\">\n\t\t\t<div class=\"elementor-spacer-inner\"><\/div>\n\t\t<\/div>\n\t\t\t\t<\/div>\n\t\t\t\t<\/div>\n\t\t\t\t<div class=\"elementor-element elementor-element-195b78d1 elementor-widget-divider--view-line elementor-widget elementor-widget-divider\" data-id=\"195b78d1\" data-element_type=\"widget\" data-widget_type=\"divider.default\">\n\t\t\t\t<div class=\"elementor-widget-container\">\n\t\t\t\t\t<div class=\"elementor-divider\">\n\t\t\t<span class=\"elementor-divider-separator\">\n\t\t\t\t\t\t<\/span>\n\t\t<\/div>\n\t\t\t\t<\/div>\n\t\t\t\t<\/div>\n\t\t\t\t\t\t<\/div>\n\t\t\t\t\t<\/div>\n\t\t<\/div>\n\t\t\t\t\t\t\t\t<\/div>\n\t\t\t\t\t<\/div>\n\t\t<\/section>\n\t\t\t\t\t\t<\/div>\n\t\t\t\t\t\t<\/div>\n\t\t\t\t\t<\/div>\n\t\t","protected":false},"excerpt":{"rendered":"<p>String Art, \u0434\u0440 \u041c\u0430\u0440\u043a\u043e \u0408\u043e\u0432\u0430\u043d\u043e\u0432\u0438\u0446, \u041c\u0430\u0440\u043a\u043e \u0412\u0443\u0447\u0438\u045b, \u0434\u0440 \u0411\u043e\u0458\u0430\u043d \u0422\u0435\u043f\u0430\u0432\u0447\u0435\u0432\u0438\u045b, \u0434\u0440 \u041c\u0438\u0440\u043a\u043e \u0420\u0430\u043a\u043e\u0432\u0438\u045b, \u0434\u0440 \u0408\u043e\u0432\u0438\u0446\u0430 \u0422\u0430\u0441\u0435\u0432\u0441\u043a\u0438 2019.\u0421\u0430\u0440\u0430\u0434\u043d\u0438\u0446\u0438: Milana Mitrovi\u0107, Tatjana Pr\u010di\u0107 Digital Technologies, Design and Production in Architecture and Urbanism Master Academic Studies The name of this study program of Master Academic Studies is Digital Technologies, Design and Production in Architecture. Upon completion of the [&hellip;]<\/p>\n","protected":false},"author":2,"featured_media":0,"parent":0,"menu_order":0,"comment_status":"closed","ping_status":"closed","template":"","meta":{"ngg_post_thumbnail":0},"_links":{"self":[{"href":"https:\/\/architecture.uns.ac.rs\/eng\/wp-json\/wp\/v2\/pages\/1874"}],"collection":[{"href":"https:\/\/architecture.uns.ac.rs\/eng\/wp-json\/wp\/v2\/pages"}],"about":[{"href":"https:\/\/architecture.uns.ac.rs\/eng\/wp-json\/wp\/v2\/types\/page"}],"author":[{"embeddable":true,"href":"https:\/\/architecture.uns.ac.rs\/eng\/wp-json\/wp\/v2\/users\/2"}],"replies":[{"embeddable":true,"href":"https:\/\/architecture.uns.ac.rs\/eng\/wp-json\/wp\/v2\/comments?post=1874"}],"version-history":[{"count":92,"href":"https:\/\/architecture.uns.ac.rs\/eng\/wp-json\/wp\/v2\/pages\/1874\/revisions"}],"predecessor-version":[{"id":11325,"href":"https:\/\/architecture.uns.ac.rs\/eng\/wp-json\/wp\/v2\/pages\/1874\/revisions\/11325"}],"wp:attachment":[{"href":"https:\/\/architecture.uns.ac.rs\/eng\/wp-json\/wp\/v2\/media?parent=1874"}],"curies":[{"name":"wp","href":"https:\/\/api.w.org\/{rel}","templated":true}]}}