{"id":1860,"date":"2021-02-17T23:18:03","date_gmt":"2021-02-17T23:18:03","guid":{"rendered":"http:\/\/senvibe.uns.ac.rs\/arhitektura.uns.ac.rs\/?page_id=1860"},"modified":"2021-04-14T17:07:03","modified_gmt":"2021-04-14T17:07:03","slug":"doktorske-akademske-studije-umetnost-i-dizajn","status":"publish","type":"page","link":"https:\/\/architecture.uns.ac.rs\/eng\/doktorske-akademske-studije-umetnost-i-dizajn\/","title":{"rendered":"\u0414\u043e\u043a\u0442\u043e\u0440\u0441\u043a\u0435 \u0430\u043a\u0430\u0434\u0435\u043c\u0441\u043a\u0435 \u0441\u0442\u0443\u0434\u0438\u0458\u0435 &#8211; \u0443\u043c\u0435\u0442\u043d\u043e\u0441\u0442 \u0438 \u0434\u0438\u0437\u0430\u0458\u043d"},"content":{"rendered":"\t\t<div data-elementor-type=\"wp-page\" data-elementor-id=\"1860\" class=\"elementor elementor-1860\" data-elementor-settings=\"[]\">\n\t\t\t\t\t\t<div class=\"elementor-inner\">\n\t\t\t\t\t\t\t<div class=\"elementor-section-wrap\">\n\t\t\t\t\t\t\t<section class=\"elementor-section elementor-top-section elementor-element elementor-element-c2f2b64 elementor-section-stretched elementor-section-boxed elementor-section-height-default elementor-section-height-default\" data-id=\"c2f2b64\" data-element_type=\"section\" data-settings=\"{&quot;stretch_section&quot;:&quot;section-stretched&quot;}\">\n\t\t\t\t\t\t<div class=\"elementor-container elementor-column-gap-default\">\n\t\t\t\t\t\t\t<div class=\"elementor-row\">\n\t\t\t\t\t<div class=\"elementor-column elementor-col-100 elementor-top-column elementor-element elementor-element-0ae086a\" data-id=\"0ae086a\" data-element_type=\"column\">\n\t\t\t<div class=\"elementor-column-wrap elementor-element-populated\">\n\t\t\t\t\t\t\t<div class=\"elementor-widget-wrap\">\n\t\t\t\t\t\t<div class=\"elementor-element elementor-element-6d98054 elementor-widget elementor-widget-image\" data-id=\"6d98054\" data-element_type=\"widget\" data-widget_type=\"image.default\">\n\t\t\t\t<div class=\"elementor-widget-container\">\n\t\t\t\t\t<div class=\"elementor-image\">\n\t\t\t\t\t\t\t\t\t\t<img width=\"1024\" height=\"685\" src=\"https:\/\/architecture.uns.ac.rs\/eng\/wp-content\/uploads\/2021\/03\/02-jelena-kovacevic-vorgucindsc_7135mala-1024x685.jpg\" class=\"attachment-large size-large\" alt=\"\" loading=\"lazy\" srcset=\"https:\/\/architecture.uns.ac.rs\/eng\/wp-content\/uploads\/2021\/03\/02-jelena-kovacevic-vorgucindsc_7135mala-1024x685.jpg 1024w, https:\/\/architecture.uns.ac.rs\/eng\/wp-content\/uploads\/2021\/03\/02-jelena-kovacevic-vorgucindsc_7135mala-300x201.jpg 300w, https:\/\/architecture.uns.ac.rs\/eng\/wp-content\/uploads\/2021\/03\/02-jelena-kovacevic-vorgucindsc_7135mala-768x514.jpg 768w, https:\/\/architecture.uns.ac.rs\/eng\/wp-content\/uploads\/2021\/03\/02-jelena-kovacevic-vorgucindsc_7135mala-830x555.jpg 830w, https:\/\/architecture.uns.ac.rs\/eng\/wp-content\/uploads\/2021\/03\/02-jelena-kovacevic-vorgucindsc_7135mala-230x154.jpg 230w, https:\/\/architecture.uns.ac.rs\/eng\/wp-content\/uploads\/2021\/03\/02-jelena-kovacevic-vorgucindsc_7135mala-350x234.jpg 350w, https:\/\/architecture.uns.ac.rs\/eng\/wp-content\/uploads\/2021\/03\/02-jelena-kovacevic-vorgucindsc_7135mala-480x321.jpg 480w, https:\/\/architecture.uns.ac.rs\/eng\/wp-content\/uploads\/2021\/03\/02-jelena-kovacevic-vorgucindsc_7135mala.jpg 1200w\" sizes=\"(max-width: 1024px) 100vw, 1024px\" \/>\t\t\t\t\t\t\t\t\t\t\t<\/div>\n\t\t\t\t<\/div>\n\t\t\t\t<\/div>\n\t\t\t\t<div class=\"elementor-element elementor-element-29998f4 elementor-widget elementor-widget-text-editor\" data-id=\"29998f4\" data-element_type=\"widget\" data-widget_type=\"text-editor.default\">\n\t\t\t\t<div class=\"elementor-widget-container\">\n\t\t\t\t\t<div class=\"elementor-text-editor elementor-clearfix\"><p style=\"font-size: 12px; text-align: left;\"><span style=\"color: #bebebe;\">Doctoral arts project: Breathe, breathe, push!, Jelena Janev, 2020.\nMentors: Tatjana Dadi\u0107 Dinulovi\u0107, PhD and D\u00e9nes D\u00f6brei<\/span><\/p><\/div>\n\t\t\t\t<\/div>\n\t\t\t\t<\/div>\n\t\t\t\t\t\t<\/div>\n\t\t\t\t\t<\/div>\n\t\t<\/div>\n\t\t\t\t\t\t\t\t<\/div>\n\t\t\t\t\t<\/div>\n\t\t<\/section>\n\t\t\t\t<section class=\"elementor-section elementor-top-section elementor-element elementor-element-7517459c elementor-section-stretched elementor-section-boxed elementor-section-height-default elementor-section-height-default\" data-id=\"7517459c\" data-element_type=\"section\" data-settings=\"{&quot;stretch_section&quot;:&quot;section-stretched&quot;}\">\n\t\t\t\t\t\t<div class=\"elementor-container elementor-column-gap-custom\">\n\t\t\t\t\t\t\t<div class=\"elementor-row\">\n\t\t\t\t\t<div class=\"elementor-column elementor-col-100 elementor-top-column elementor-element elementor-element-3785ed4\" data-id=\"3785ed4\" data-element_type=\"column\">\n\t\t\t<div class=\"elementor-column-wrap elementor-element-populated\">\n\t\t\t\t\t\t\t<div class=\"elementor-widget-wrap\">\n\t\t\t\t\t\t<div class=\"elementor-element elementor-element-7bf4cc98 elementor-widget elementor-widget-heading\" data-id=\"7bf4cc98\" data-element_type=\"widget\" data-widget_type=\"heading.default\">\n\t\t\t\t<div class=\"elementor-widget-container\">\n\t\t\t<h2 class=\"elementor-heading-title elementor-size-default\">Scene design<\/h2>\t\t<\/div>\n\t\t\t\t<\/div>\n\t\t\t\t<div class=\"elementor-element elementor-element-18972c7c elementor-widget elementor-widget-text-editor\" data-id=\"18972c7c\" data-element_type=\"widget\" data-widget_type=\"text-editor.default\">\n\t\t\t\t<div class=\"elementor-widget-container\">\n\t\t\t\t\t<div class=\"elementor-text-editor elementor-clearfix\"><h6><span style=\"color: #999999;\">Doctoral academic studies<\/span><\/h6><\/div>\n\t\t\t\t<\/div>\n\t\t\t\t<\/div>\n\t\t\t\t<div class=\"elementor-element elementor-element-51a51175 elementor-widget-divider--view-line elementor-widget elementor-widget-divider\" data-id=\"51a51175\" data-element_type=\"widget\" data-widget_type=\"divider.default\">\n\t\t\t\t<div class=\"elementor-widget-container\">\n\t\t\t\t\t<div class=\"elementor-divider\">\n\t\t\t<span class=\"elementor-divider-separator\">\n\t\t\t\t\t\t<\/span>\n\t\t<\/div>\n\t\t\t\t<\/div>\n\t\t\t\t<\/div>\n\t\t\t\t<div class=\"elementor-element elementor-element-24d33290 elementor-widget elementor-widget-spacer\" data-id=\"24d33290\" data-element_type=\"widget\" data-widget_type=\"spacer.default\">\n\t\t\t\t<div class=\"elementor-widget-container\">\n\t\t\t\t\t<div class=\"elementor-spacer\">\n\t\t\t<div class=\"elementor-spacer-inner\"><\/div>\n\t\t<\/div>\n\t\t\t\t<\/div>\n\t\t\t\t<\/div>\n\t\t\t\t<div class=\"elementor-element elementor-element-c559533 elementor-widget elementor-widget-text-editor\" data-id=\"c559533\" data-element_type=\"widget\" data-widget_type=\"text-editor.default\">\n\t\t\t\t<div class=\"elementor-widget-container\">\n\t\t\t\t\t<div class=\"elementor-text-editor elementor-clearfix\"><p>Study programme\u00a0<em>Scene Design<\/em>\u00a0at the PhD Studies in Arts aims at developing synthetic relatioship concerned with thinking, creation, production, promotion and realization of performing events, in the widest sense possible. The programme is interdisciplinary and is intended for experts in a wide range of different fields \u2013 from architecture, applied arts and design, to performing and visual arts, as well as technical and social sciences. The programme is specially intended for artists, experts and researchers whose main fields of interest are scene design and performing space. The main field that students deal with involves research of art practices concerned with scene design, systematised through three key branches \u2013 Scene Design in Theatre, Design of Non-theatre Spectacle and Scene Design as Multimedial Art. Also, special attention is paid to theory and criticism of scene design.<\/p><p>Study programme\u00a0<em>Scene Design<\/em>\u00a0at the PhD Studies in Arts is open for candidates who completed undergraduate and master academic studies at some of the appropriate study programmes at the Faculty of Technical Sciences in Novi Sad, or at some of the Faculties of Art, Technical Sciences or Social Sciences in Serbia or abroad, with at least 300 ECTS and average mark above 8,00. PhD studies last for three years (6 semesters) and, by the end, students are obliged to collect at least 180 ECTS. Upon completion of studies, students gain academic degree\u00a0<em>Doctor of Arts \u2013 Scene Design<\/em>.<\/p><\/div>\n\t\t\t\t<\/div>\n\t\t\t\t<\/div>\n\t\t\t\t<div class=\"elementor-element elementor-element-98aa68c elementor-widget elementor-widget-spacer\" data-id=\"98aa68c\" data-element_type=\"widget\" data-widget_type=\"spacer.default\">\n\t\t\t\t<div class=\"elementor-widget-container\">\n\t\t\t\t\t<div class=\"elementor-spacer\">\n\t\t\t<div class=\"elementor-spacer-inner\"><\/div>\n\t\t<\/div>\n\t\t\t\t<\/div>\n\t\t\t\t<\/div>\n\t\t\t\t<div class=\"elementor-element elementor-element-2e32533 elementor-widget elementor-widget-text-editor\" data-id=\"2e32533\" data-element_type=\"widget\" data-widget_type=\"text-editor.default\">\n\t\t\t\t<div class=\"elementor-widget-container\">\n\t\t\t\t\t<div class=\"elementor-text-editor elementor-clearfix\"><h6><strong>Head of the study program | Doctoral academic studies<\/strong><\/h6><\/div>\n\t\t\t\t<\/div>\n\t\t\t\t<\/div>\n\t\t\t\t<div class=\"elementor-element elementor-element-198efb7 elementor-widget-divider--view-line elementor-widget elementor-widget-divider\" data-id=\"198efb7\" data-element_type=\"widget\" data-widget_type=\"divider.default\">\n\t\t\t\t<div class=\"elementor-widget-container\">\n\t\t\t\t\t<div class=\"elementor-divider\">\n\t\t\t<span class=\"elementor-divider-separator\">\n\t\t\t\t\t\t<\/span>\n\t\t<\/div>\n\t\t\t\t<\/div>\n\t\t\t\t<\/div>\n\t\t\t\t<section class=\"elementor-section elementor-inner-section elementor-element elementor-element-388c221 elementor-section-boxed elementor-section-height-default elementor-section-height-default\" data-id=\"388c221\" data-element_type=\"section\">\n\t\t\t\t\t\t<div class=\"elementor-container elementor-column-gap-default\">\n\t\t\t\t\t\t\t<div class=\"elementor-row\">\n\t\t\t\t\t<div class=\"elementor-column elementor-col-50 elementor-inner-column elementor-element elementor-element-62b6dd4\" data-id=\"62b6dd4\" data-element_type=\"column\">\n\t\t\t<div class=\"elementor-column-wrap elementor-element-populated\">\n\t\t\t\t\t\t\t<div class=\"elementor-widget-wrap\">\n\t\t\t\t\t\t<div class=\"elementor-element elementor-element-ba7f7bc elementor-widget elementor-widget-text-editor\" data-id=\"ba7f7bc\" data-element_type=\"widget\" data-widget_type=\"text-editor.default\">\n\t\t\t\t<div class=\"elementor-widget-container\">\n\t\t\t\t\t<div class=\"elementor-text-editor elementor-clearfix\"><h6 style=\"text-align: left;\"><strong>Tatjana Dadi\u0107-Dinulovi\u0107, PhD<\/strong><br \/><span style=\"color: #808080; font-size: 80%;\">Full Professor of Arts<\/span><br \/><span style=\"color: #808080; font-size: 80%;\">Sub-department Head<\/span><\/h6><p style=\"text-align: left;\"><span style=\"color: #333333;\">Contact:<\/span><br \/><span style=\"color: #333333;\">+381 21 485 2643<\/span><br \/><span style=\"color: #008080;\"><a style=\"color: #008080;\" href=\"mailto:td.dinulovic@uns.ac.rs\">td.dinulovic@uns.ac.rs<\/a><\/span><\/p><\/div>\n\t\t\t\t<\/div>\n\t\t\t\t<\/div>\n\t\t\t\t\t\t<\/div>\n\t\t\t\t\t<\/div>\n\t\t<\/div>\n\t\t\t\t<div class=\"elementor-column elementor-col-50 elementor-inner-column elementor-element elementor-element-d21f161\" data-id=\"d21f161\" data-element_type=\"column\">\n\t\t\t<div class=\"elementor-column-wrap elementor-element-populated\">\n\t\t\t\t\t\t\t<div class=\"elementor-widget-wrap\">\n\t\t\t\t\t\t<div class=\"elementor-element elementor-element-c919c5b elementor-widget elementor-widget-image\" data-id=\"c919c5b\" data-element_type=\"widget\" data-widget_type=\"image.default\">\n\t\t\t\t<div class=\"elementor-widget-container\">\n\t\t\t\t\t<div class=\"elementor-image\">\n\t\t\t\t\t\t\t\t\t\t<img src=\"https:\/\/architecture.uns.ac.rs\/eng\/wp-content\/uploads\/2021\/04\/ttd.jpg\" title=\"ttd\" alt=\"ttd\" \/>\t\t\t\t\t\t\t\t\t\t\t<\/div>\n\t\t\t\t<\/div>\n\t\t\t\t<\/div>\n\t\t\t\t\t\t<\/div>\n\t\t\t\t\t<\/div>\n\t\t<\/div>\n\t\t\t\t\t\t\t\t<\/div>\n\t\t\t\t\t<\/div>\n\t\t<\/section>\n\t\t\t\t<div class=\"elementor-element elementor-element-609e8d8 elementor-widget-divider--view-line elementor-widget elementor-widget-divider\" data-id=\"609e8d8\" data-element_type=\"widget\" data-widget_type=\"divider.default\">\n\t\t\t\t<div class=\"elementor-widget-container\">\n\t\t\t\t\t<div class=\"elementor-divider\">\n\t\t\t<span class=\"elementor-divider-separator\">\n\t\t\t\t\t\t<\/span>\n\t\t<\/div>\n\t\t\t\t<\/div>\n\t\t\t\t<\/div>\n\t\t\t\t<div class=\"elementor-element elementor-element-597c375 elementor-widget__width-initial elementor-widget elementor-widget-text-editor\" data-id=\"597c375\" data-element_type=\"widget\" data-widget_type=\"text-editor.default\">\n\t\t\t\t<div class=\"elementor-widget-container\">\n\t\t\t\t\t<div class=\"elementor-text-editor elementor-clearfix\"><p>For more information visit the page: <span style=\"color: #808080;\"><a style=\"color: #808080;\" href=\"http:\/\/www.scen.uns.ac.rs\/eng\/?page_id=37\">http:\/\/www.scen.uns.ac.rs\/eng\/?page_id=37<\/a><\/span><\/p><\/div>\n\t\t\t\t<\/div>\n\t\t\t\t<\/div>\n\t\t\t\t<div class=\"elementor-element elementor-element-8860195 elementor-widget-divider--view-line elementor-widget elementor-widget-divider\" data-id=\"8860195\" data-element_type=\"widget\" data-widget_type=\"divider.default\">\n\t\t\t\t<div class=\"elementor-widget-container\">\n\t\t\t\t\t<div class=\"elementor-divider\">\n\t\t\t<span class=\"elementor-divider-separator\">\n\t\t\t\t\t\t<\/span>\n\t\t<\/div>\n\t\t\t\t<\/div>\n\t\t\t\t<\/div>\n\t\t\t\t\t\t<\/div>\n\t\t\t\t\t<\/div>\n\t\t<\/div>\n\t\t\t\t\t\t\t\t<\/div>\n\t\t\t\t\t<\/div>\n\t\t<\/section>\n\t\t\t\t\t\t<\/div>\n\t\t\t\t\t\t<\/div>\n\t\t\t\t\t<\/div>\n\t\t","protected":false},"excerpt":{"rendered":"<p>Doctoral arts project: Breathe, breathe, push!, Jelena Janev, 2020. Mentors: Tatjana Dadi\u0107 Dinulovi\u0107, PhD and D\u00e9nes D\u00f6brei Scene design Doctoral academic studies Study programme\u00a0Scene Design\u00a0at the PhD Studies in Arts aims at developing synthetic relatioship concerned with thinking, creation, production, promotion and realization of performing events, in the widest sense possible. The programme is interdisciplinary [&hellip;]<\/p>\n","protected":false},"author":2,"featured_media":0,"parent":0,"menu_order":0,"comment_status":"closed","ping_status":"closed","template":"","meta":{"ngg_post_thumbnail":0},"_links":{"self":[{"href":"https:\/\/architecture.uns.ac.rs\/eng\/wp-json\/wp\/v2\/pages\/1860"}],"collection":[{"href":"https:\/\/architecture.uns.ac.rs\/eng\/wp-json\/wp\/v2\/pages"}],"about":[{"href":"https:\/\/architecture.uns.ac.rs\/eng\/wp-json\/wp\/v2\/types\/page"}],"author":[{"embeddable":true,"href":"https:\/\/architecture.uns.ac.rs\/eng\/wp-json\/wp\/v2\/users\/2"}],"replies":[{"embeddable":true,"href":"https:\/\/architecture.uns.ac.rs\/eng\/wp-json\/wp\/v2\/comments?post=1860"}],"version-history":[{"count":79,"href":"https:\/\/architecture.uns.ac.rs\/eng\/wp-json\/wp\/v2\/pages\/1860\/revisions"}],"predecessor-version":[{"id":11227,"href":"https:\/\/architecture.uns.ac.rs\/eng\/wp-json\/wp\/v2\/pages\/1860\/revisions\/11227"}],"wp:attachment":[{"href":"https:\/\/architecture.uns.ac.rs\/eng\/wp-json\/wp\/v2\/media?parent=1860"}],"curies":[{"name":"wp","href":"https:\/\/api.w.org\/{rel}","templated":true}]}}