{"id":1848,"date":"2021-02-17T23:14:22","date_gmt":"2021-02-17T23:14:22","guid":{"rendered":"http:\/\/senvibe.uns.ac.rs\/arhitektura.uns.ac.rs\/?page_id=1848"},"modified":"2021-04-14T16:50:03","modified_gmt":"2021-04-14T16:50:03","slug":"osnovne-akademske-studije-umetnost-i","status":"publish","type":"page","link":"https:\/\/architecture.uns.ac.rs\/eng\/osnovne-akademske-studije-umetnost-i\/","title":{"rendered":"\u041e\u0441\u043d\u043e\u0432\u043d\u0435 \u0430\u043a\u0430\u0434\u0435\u043c\u0441\u043a\u0435 \u0441\u0442\u0443\u0434\u0438\u0458\u0435 &#8211; \u0443\u043c\u0435\u0442\u043d\u043e\u0441\u0442 \u0438 \u0434\u0438\u0437\u0430\u0458\u043d"},"content":{"rendered":"\t\t<div data-elementor-type=\"wp-page\" data-elementor-id=\"1848\" class=\"elementor elementor-1848\" data-elementor-settings=\"[]\">\n\t\t\t\t\t\t<div class=\"elementor-inner\">\n\t\t\t\t\t\t\t<div class=\"elementor-section-wrap\">\n\t\t\t\t\t\t\t<section class=\"elementor-section elementor-top-section elementor-element elementor-element-eed848a elementor-section-stretched elementor-section-boxed elementor-section-height-default elementor-section-height-default\" data-id=\"eed848a\" data-element_type=\"section\" data-settings=\"{&quot;stretch_section&quot;:&quot;section-stretched&quot;}\">\n\t\t\t\t\t\t<div class=\"elementor-container elementor-column-gap-default\">\n\t\t\t\t\t\t\t<div class=\"elementor-row\">\n\t\t\t\t\t<div class=\"elementor-column elementor-col-100 elementor-top-column elementor-element elementor-element-fa08082\" data-id=\"fa08082\" data-element_type=\"column\">\n\t\t\t<div class=\"elementor-column-wrap elementor-element-populated\">\n\t\t\t\t\t\t\t<div class=\"elementor-widget-wrap\">\n\t\t\t\t\t\t<div class=\"elementor-element elementor-element-a03d7b6 elementor-widget elementor-widget-image\" data-id=\"a03d7b6\" data-element_type=\"widget\" data-widget_type=\"image.default\">\n\t\t\t\t<div class=\"elementor-widget-container\">\n\t\t\t\t\t<div class=\"elementor-image\">\n\t\t\t\t\t\t\t\t\t\t<img width=\"470\" height=\"260\" src=\"https:\/\/architecture.uns.ac.rs\/eng\/wp-content\/uploads\/2021\/03\/0-naslovna-grad-koji-op-postaje.jpg\" class=\"attachment-large size-large\" alt=\"\" loading=\"lazy\" srcset=\"https:\/\/architecture.uns.ac.rs\/eng\/wp-content\/uploads\/2021\/03\/0-naslovna-grad-koji-op-postaje.jpg 470w, https:\/\/architecture.uns.ac.rs\/eng\/wp-content\/uploads\/2021\/03\/0-naslovna-grad-koji-op-postaje-300x166.jpg 300w, https:\/\/architecture.uns.ac.rs\/eng\/wp-content\/uploads\/2021\/03\/0-naslovna-grad-koji-op-postaje-230x127.jpg 230w, https:\/\/architecture.uns.ac.rs\/eng\/wp-content\/uploads\/2021\/03\/0-naslovna-grad-koji-op-postaje-350x194.jpg 350w\" sizes=\"(max-width: 470px) 100vw, 470px\" \/>\t\t\t\t\t\t\t\t\t\t\t<\/div>\n\t\t\t\t<\/div>\n\t\t\t\t<\/div>\n\t\t\t\t<div class=\"elementor-element elementor-element-ec9ff76 elementor-widget elementor-widget-text-editor\" data-id=\"ec9ff76\" data-element_type=\"widget\" data-widget_type=\"text-editor.default\">\n\t\t\t\t<div class=\"elementor-widget-container\">\n\t\t\t\t\t<div class=\"elementor-text-editor elementor-clearfix\"><p style=\"font-size: 10px; text-align: left;\"><span style=\"color: #bebebe;\">\u0421\u0438\u043d\u0442\u0435\u0437\u043d\u0438 \u043f\u0440\u043e\u0458\u0435\u043a\u0430\u0442:<em> \u0413\u0440\u0430\u0434 \u043a\u043e\u0458\u0438 (\u043e\u043f, \u043f\u043e)\u0441\u0442\u0430\u0458\u0435, \u041c\u0438\u043b\u0438\u0446\u0430 \u0421\u0443\u0440\u0443\u0442\u043a\u0430, 2020.<\/em><\/span><span style=\"color: #a9a9a9;\"><br \/><\/span><\/p><\/div>\n\t\t\t\t<\/div>\n\t\t\t\t<\/div>\n\t\t\t\t\t\t<\/div>\n\t\t\t\t\t<\/div>\n\t\t<\/div>\n\t\t\t\t\t\t\t\t<\/div>\n\t\t\t\t\t<\/div>\n\t\t<\/section>\n\t\t\t\t<section class=\"elementor-section elementor-top-section elementor-element elementor-element-12aefe3 elementor-section-stretched elementor-section-boxed elementor-section-height-default elementor-section-height-default\" data-id=\"12aefe3\" data-element_type=\"section\" data-settings=\"{&quot;stretch_section&quot;:&quot;section-stretched&quot;}\">\n\t\t\t\t\t\t<div class=\"elementor-container elementor-column-gap-custom\">\n\t\t\t\t\t\t\t<div class=\"elementor-row\">\n\t\t\t\t\t<div class=\"elementor-column elementor-col-100 elementor-top-column elementor-element elementor-element-2362d9f\" data-id=\"2362d9f\" data-element_type=\"column\">\n\t\t\t<div class=\"elementor-column-wrap elementor-element-populated\">\n\t\t\t\t\t\t\t<div class=\"elementor-widget-wrap\">\n\t\t\t\t\t\t<div class=\"elementor-element elementor-element-4b26fcf elementor-widget elementor-widget-heading\" data-id=\"4b26fcf\" data-element_type=\"widget\" data-widget_type=\"heading.default\">\n\t\t\t\t<div class=\"elementor-widget-container\">\n\t\t\t<h2 class=\"elementor-heading-title elementor-size-default\">Scene Architecture, Technique and Design<\/h2>\t\t<\/div>\n\t\t\t\t<\/div>\n\t\t\t\t<div class=\"elementor-element elementor-element-028676d elementor-widget elementor-widget-text-editor\" data-id=\"028676d\" data-element_type=\"widget\" data-widget_type=\"text-editor.default\">\n\t\t\t\t<div class=\"elementor-widget-container\">\n\t\t\t\t\t<div class=\"elementor-text-editor elementor-clearfix\"><h6><span style=\"color: #999999;\">Bachelor academic studies<\/span><\/h6><\/div>\n\t\t\t\t<\/div>\n\t\t\t\t<\/div>\n\t\t\t\t<div class=\"elementor-element elementor-element-52b1f83 elementor-widget-divider--view-line elementor-widget elementor-widget-divider\" data-id=\"52b1f83\" data-element_type=\"widget\" data-widget_type=\"divider.default\">\n\t\t\t\t<div class=\"elementor-widget-container\">\n\t\t\t\t\t<div class=\"elementor-divider\">\n\t\t\t<span class=\"elementor-divider-separator\">\n\t\t\t\t\t\t<\/span>\n\t\t<\/div>\n\t\t\t\t<\/div>\n\t\t\t\t<\/div>\n\t\t\t\t<div class=\"elementor-element elementor-element-84e8387 elementor-widget__width-initial elementor-widget elementor-widget-text-editor\" data-id=\"84e8387\" data-element_type=\"widget\" data-widget_type=\"text-editor.default\">\n\t\t\t\t<div class=\"elementor-widget-container\">\n\t\t\t\t\t<div class=\"elementor-text-editor elementor-clearfix\"><p>The study programme\u00a0<em>Scene Architecture, Technique and Design<\/em>\u00a0enables students to gain wide knowledge concerning creation and shaping of scene architecture and techniques of producing performance. Furthermore, it influences development of creative abilities and skills necessary for realization of performing space, technical production, management and promotion of performing events.<\/p><p>The programme is intended for students who completed four years of secondary education in grammar school or art and technical trade schools and are interested in scene art, technical equipment, architecture and production. Also, the programme is targeted at active professionals who operate within the field of scene architecture, tehniques and design in cultural institutions and wish to further improve their knowledge and obtain formal academic education.<\/p><p><em>Scene Architecture<\/em>,\u00a0<em>Scene Techniques<\/em>\u00a0and\u00a0<em>Scene Design<\/em>\u00a0are fields of studies suitable for bachelor thesis. After completing four years (8 semesters) of studies, students gain 240 ECTS and academic degree\u00a0<em>Bachelor with Honours in Scene Architecture, Technique and Design<\/em>\u00a0(B.Sc.Arch.Tech.Des.).<\/p><\/div>\n\t\t\t\t<\/div>\n\t\t\t\t<\/div>\n\t\t\t\t<div class=\"elementor-element elementor-element-2301300 elementor-widget-divider--view-line elementor-widget elementor-widget-divider\" data-id=\"2301300\" data-element_type=\"widget\" data-widget_type=\"divider.default\">\n\t\t\t\t<div class=\"elementor-widget-container\">\n\t\t\t\t\t<div class=\"elementor-divider\">\n\t\t\t<span class=\"elementor-divider-separator\">\n\t\t\t\t\t\t<\/span>\n\t\t<\/div>\n\t\t\t\t<\/div>\n\t\t\t\t<\/div>\n\t\t\t\t<div class=\"elementor-element elementor-element-8df2a3b elementor-widget elementor-widget-text-editor\" data-id=\"8df2a3b\" data-element_type=\"widget\" data-widget_type=\"text-editor.default\">\n\t\t\t\t<div class=\"elementor-widget-container\">\n\t\t\t\t\t<div class=\"elementor-text-editor elementor-clearfix\"><h6><strong>Head of the study program | Bachelor academic studies<\/strong><\/h6><\/div>\n\t\t\t\t<\/div>\n\t\t\t\t<\/div>\n\t\t\t\t<div class=\"elementor-element elementor-element-746e73b elementor-widget-divider--view-line elementor-widget elementor-widget-divider\" data-id=\"746e73b\" data-element_type=\"widget\" data-widget_type=\"divider.default\">\n\t\t\t\t<div class=\"elementor-widget-container\">\n\t\t\t\t\t<div class=\"elementor-divider\">\n\t\t\t<span class=\"elementor-divider-separator\">\n\t\t\t\t\t\t<\/span>\n\t\t<\/div>\n\t\t\t\t<\/div>\n\t\t\t\t<\/div>\n\t\t\t\t<section class=\"elementor-section elementor-inner-section elementor-element elementor-element-c7e8729 elementor-section-boxed elementor-section-height-default elementor-section-height-default\" data-id=\"c7e8729\" data-element_type=\"section\">\n\t\t\t\t\t\t<div class=\"elementor-container elementor-column-gap-default\">\n\t\t\t\t\t\t\t<div class=\"elementor-row\">\n\t\t\t\t\t<div class=\"elementor-column elementor-col-50 elementor-inner-column elementor-element elementor-element-32696a4\" data-id=\"32696a4\" data-element_type=\"column\">\n\t\t\t<div class=\"elementor-column-wrap elementor-element-populated\">\n\t\t\t\t\t\t\t<div class=\"elementor-widget-wrap\">\n\t\t\t\t\t\t<div class=\"elementor-element elementor-element-440d456 elementor-widget elementor-widget-text-editor\" data-id=\"440d456\" data-element_type=\"widget\" data-widget_type=\"text-editor.default\">\n\t\t\t\t<div class=\"elementor-widget-container\">\n\t\t\t\t\t<div class=\"elementor-text-editor elementor-clearfix\"><h6 style=\"text-align: left;\"><strong>Sla\u0111ana Mili\u0107evi\u0107<\/strong><br \/><span style=\"color: #808080; font-size: 80%;\">Assistant Professor<\/span><\/h6><p><span style=\"color: #333333;\">Contact:<\/span><br \/><span style=\"color: #333333;\"><span style=\"color: #333333; font-size: 100%;\">+ 381 21\u00a0 485-2471<\/span><\/span><br \/><span style=\"color: #008080;\"><a style=\"color: #008080;\" href=\"mailto:s.milicevic@uns.ac.rs\">s.milicevic@uns.ac.rs<\/a><\/span><\/p><\/div>\n\t\t\t\t<\/div>\n\t\t\t\t<\/div>\n\t\t\t\t\t\t<\/div>\n\t\t\t\t\t<\/div>\n\t\t<\/div>\n\t\t\t\t<div class=\"elementor-column elementor-col-50 elementor-inner-column elementor-element elementor-element-24bc0ea\" data-id=\"24bc0ea\" data-element_type=\"column\">\n\t\t\t<div class=\"elementor-column-wrap elementor-element-populated\">\n\t\t\t\t\t\t\t<div class=\"elementor-widget-wrap\">\n\t\t\t\t\t\t<div class=\"elementor-element elementor-element-1e96ca5 elementor-widget elementor-widget-image\" data-id=\"1e96ca5\" data-element_type=\"widget\" data-widget_type=\"image.default\">\n\t\t\t\t<div class=\"elementor-widget-container\">\n\t\t\t\t\t<div class=\"elementor-image\">\n\t\t\t\t\t\t\t\t\t\t<img src=\"https:\/\/architecture.uns.ac.rs\/eng\/wp-content\/uploads\/2021\/04\/sm.jpg\" title=\"sm\" alt=\"sm\" \/>\t\t\t\t\t\t\t\t\t\t\t<\/div>\n\t\t\t\t<\/div>\n\t\t\t\t<\/div>\n\t\t\t\t\t\t<\/div>\n\t\t\t\t\t<\/div>\n\t\t<\/div>\n\t\t\t\t\t\t\t\t<\/div>\n\t\t\t\t\t<\/div>\n\t\t<\/section>\n\t\t\t\t<div class=\"elementor-element elementor-element-e1c1d0e elementor-widget-divider--view-line elementor-widget elementor-widget-divider\" data-id=\"e1c1d0e\" data-element_type=\"widget\" data-widget_type=\"divider.default\">\n\t\t\t\t<div class=\"elementor-widget-container\">\n\t\t\t\t\t<div class=\"elementor-divider\">\n\t\t\t<span class=\"elementor-divider-separator\">\n\t\t\t\t\t\t<\/span>\n\t\t<\/div>\n\t\t\t\t<\/div>\n\t\t\t\t<\/div>\n\t\t\t\t<div class=\"elementor-element elementor-element-c44ba27 elementor-widget__width-initial elementor-widget elementor-widget-text-editor\" data-id=\"c44ba27\" data-element_type=\"widget\" data-widget_type=\"text-editor.default\">\n\t\t\t\t<div class=\"elementor-widget-container\">\n\t\t\t\t\t<div class=\"elementor-text-editor elementor-clearfix\"><p>For more information visit the page:<span style=\"text-decoration: underline;\"><span style=\"color: #808080;\"><a style=\"color: #808080; text-decoration: underline;\" href=\"http:\/\/www.scen.uns.ac.rs\/eng\/?page_id=32\"> http:\/\/www.scen.uns.ac.rs\/eng\/?page_id=32<\/a><\/span><\/span><\/p><\/div>\n\t\t\t\t<\/div>\n\t\t\t\t<\/div>\n\t\t\t\t<div class=\"elementor-element elementor-element-687fe86 elementor-widget elementor-widget-spacer\" data-id=\"687fe86\" data-element_type=\"widget\" data-widget_type=\"spacer.default\">\n\t\t\t\t<div class=\"elementor-widget-container\">\n\t\t\t\t\t<div class=\"elementor-spacer\">\n\t\t\t<div class=\"elementor-spacer-inner\"><\/div>\n\t\t<\/div>\n\t\t\t\t<\/div>\n\t\t\t\t<\/div>\n\t\t\t\t<div class=\"elementor-element elementor-element-e03f366 elementor-widget elementor-widget-spacer\" data-id=\"e03f366\" data-element_type=\"widget\" data-widget_type=\"spacer.default\">\n\t\t\t\t<div class=\"elementor-widget-container\">\n\t\t\t\t\t<div class=\"elementor-spacer\">\n\t\t\t<div class=\"elementor-spacer-inner\"><\/div>\n\t\t<\/div>\n\t\t\t\t<\/div>\n\t\t\t\t<\/div>\n\t\t\t\t<div class=\"elementor-element elementor-element-a574585 elementor-widget-divider--view-line elementor-widget elementor-widget-divider\" data-id=\"a574585\" data-element_type=\"widget\" data-widget_type=\"divider.default\">\n\t\t\t\t<div class=\"elementor-widget-container\">\n\t\t\t\t\t<div class=\"elementor-divider\">\n\t\t\t<span class=\"elementor-divider-separator\">\n\t\t\t\t\t\t<\/span>\n\t\t<\/div>\n\t\t\t\t<\/div>\n\t\t\t\t<\/div>\n\t\t\t\t\t\t<\/div>\n\t\t\t\t\t<\/div>\n\t\t<\/div>\n\t\t\t\t\t\t\t\t<\/div>\n\t\t\t\t\t<\/div>\n\t\t<\/section>\n\t\t\t\t\t\t<\/div>\n\t\t\t\t\t\t<\/div>\n\t\t\t\t\t<\/div>\n\t\t","protected":false},"excerpt":{"rendered":"<p>\u0421\u0438\u043d\u0442\u0435\u0437\u043d\u0438 \u043f\u0440\u043e\u0458\u0435\u043a\u0430\u0442: \u0413\u0440\u0430\u0434 \u043a\u043e\u0458\u0438 (\u043e\u043f, \u043f\u043e)\u0441\u0442\u0430\u0458\u0435, \u041c\u0438\u043b\u0438\u0446\u0430 \u0421\u0443\u0440\u0443\u0442\u043a\u0430, 2020. Scene Architecture, Technique and Design Bachelor academic studies The study programme\u00a0Scene Architecture, Technique and Design\u00a0enables students to gain wide knowledge concerning creation and shaping of scene architecture and techniques of producing performance. Furthermore, it influences development of creative abilities and skills necessary for realization of performing [&hellip;]<\/p>\n","protected":false},"author":2,"featured_media":0,"parent":0,"menu_order":0,"comment_status":"closed","ping_status":"closed","template":"","meta":{"ngg_post_thumbnail":0},"_links":{"self":[{"href":"https:\/\/architecture.uns.ac.rs\/eng\/wp-json\/wp\/v2\/pages\/1848"}],"collection":[{"href":"https:\/\/architecture.uns.ac.rs\/eng\/wp-json\/wp\/v2\/pages"}],"about":[{"href":"https:\/\/architecture.uns.ac.rs\/eng\/wp-json\/wp\/v2\/types\/page"}],"author":[{"embeddable":true,"href":"https:\/\/architecture.uns.ac.rs\/eng\/wp-json\/wp\/v2\/users\/2"}],"replies":[{"embeddable":true,"href":"https:\/\/architecture.uns.ac.rs\/eng\/wp-json\/wp\/v2\/comments?post=1848"}],"version-history":[{"count":91,"href":"https:\/\/architecture.uns.ac.rs\/eng\/wp-json\/wp\/v2\/pages\/1848\/revisions"}],"predecessor-version":[{"id":11219,"href":"https:\/\/architecture.uns.ac.rs\/eng\/wp-json\/wp\/v2\/pages\/1848\/revisions\/11219"}],"wp:attachment":[{"href":"https:\/\/architecture.uns.ac.rs\/eng\/wp-json\/wp\/v2\/media?parent=1848"}],"curies":[{"name":"wp","href":"https:\/\/api.w.org\/{rel}","templated":true}]}}