{"id":1824,"date":"2021-02-17T22:55:44","date_gmt":"2021-02-17T22:55:44","guid":{"rendered":"http:\/\/senvibe.uns.ac.rs\/arhitektura.uns.ac.rs\/?page_id=1824"},"modified":"2021-04-14T16:49:10","modified_gmt":"2021-04-14T16:49:10","slug":"doktorske-akademske-studije-arhitektura","status":"publish","type":"page","link":"https:\/\/architecture.uns.ac.rs\/eng\/doktorske-akademske-studije-arhitektura\/","title":{"rendered":"\u0414\u043e\u043a\u0442\u043e\u0440\u0441\u043a\u0435 \u0430\u043a\u0430\u0434\u0435\u043c\u0441\u043a\u0435 \u0441\u0442\u0443\u0434\u0438\u0458\u0435 &#8211; \u0430\u0440\u0445\u0438\u0442\u0435\u043a\u0442\u0443\u0440\u0430"},"content":{"rendered":"\t\t<div data-elementor-type=\"wp-page\" data-elementor-id=\"1824\" class=\"elementor elementor-1824\" data-elementor-settings=\"[]\">\n\t\t\t\t\t\t<div class=\"elementor-inner\">\n\t\t\t\t\t\t\t<div class=\"elementor-section-wrap\">\n\t\t\t\t\t\t\t<section class=\"elementor-section elementor-top-section elementor-element elementor-element-7d71b3ff elementor-section-stretched elementor-section-boxed elementor-section-height-default elementor-section-height-default\" data-id=\"7d71b3ff\" data-element_type=\"section\" data-settings=\"{&quot;stretch_section&quot;:&quot;section-stretched&quot;}\">\n\t\t\t\t\t\t<div class=\"elementor-container elementor-column-gap-custom\">\n\t\t\t\t\t\t\t<div class=\"elementor-row\">\n\t\t\t\t\t<div class=\"elementor-column elementor-col-100 elementor-top-column elementor-element elementor-element-2457883d\" data-id=\"2457883d\" data-element_type=\"column\">\n\t\t\t<div class=\"elementor-column-wrap elementor-element-populated\">\n\t\t\t\t\t\t\t<div class=\"elementor-widget-wrap\">\n\t\t\t\t\t\t<div class=\"elementor-element elementor-element-605b5d30 elementor-widget elementor-widget-heading\" data-id=\"605b5d30\" data-element_type=\"widget\" data-widget_type=\"heading.default\">\n\t\t\t\t<div class=\"elementor-widget-container\">\n\t\t\t<h2 class=\"elementor-heading-title elementor-size-default\">Architecture<\/h2>\t\t<\/div>\n\t\t\t\t<\/div>\n\t\t\t\t<div class=\"elementor-element elementor-element-6ec7deca elementor-widget elementor-widget-text-editor\" data-id=\"6ec7deca\" data-element_type=\"widget\" data-widget_type=\"text-editor.default\">\n\t\t\t\t<div class=\"elementor-widget-container\">\n\t\t\t\t\t<div class=\"elementor-text-editor elementor-clearfix\"><h6><span style=\"color: #808080;\">Doctoral studies<\/span><\/h6><\/div>\n\t\t\t\t<\/div>\n\t\t\t\t<\/div>\n\t\t\t\t<div class=\"elementor-element elementor-element-5f53c500 elementor-widget-divider--view-line elementor-widget elementor-widget-divider\" data-id=\"5f53c500\" data-element_type=\"widget\" data-widget_type=\"divider.default\">\n\t\t\t\t<div class=\"elementor-widget-container\">\n\t\t\t\t\t<div class=\"elementor-divider\">\n\t\t\t<span class=\"elementor-divider-separator\">\n\t\t\t\t\t\t<\/span>\n\t\t<\/div>\n\t\t\t\t<\/div>\n\t\t\t\t<\/div>\n\t\t\t\t<div class=\"elementor-element elementor-element-e1753eb elementor-widget elementor-widget-image\" data-id=\"e1753eb\" data-element_type=\"widget\" data-widget_type=\"image.default\">\n\t\t\t\t<div class=\"elementor-widget-container\">\n\t\t\t\t\t<div class=\"elementor-image\">\n\t\t\t\t\t\t\t\t\t\t<img width=\"1024\" height=\"731\" src=\"https:\/\/architecture.uns.ac.rs\/eng\/wp-content\/uploads\/2021\/03\/s4-1024x731.jpg\" class=\"attachment-large size-large\" alt=\"\" loading=\"lazy\" srcset=\"https:\/\/architecture.uns.ac.rs\/eng\/wp-content\/uploads\/2021\/03\/s4-1024x731.jpg 1024w, https:\/\/architecture.uns.ac.rs\/eng\/wp-content\/uploads\/2021\/03\/s4-300x214.jpg 300w, https:\/\/architecture.uns.ac.rs\/eng\/wp-content\/uploads\/2021\/03\/s4-768x549.jpg 768w, https:\/\/architecture.uns.ac.rs\/eng\/wp-content\/uploads\/2021\/03\/s4-1536x1097.jpg 1536w, https:\/\/architecture.uns.ac.rs\/eng\/wp-content\/uploads\/2021\/03\/s4-2048x1463.jpg 2048w, https:\/\/architecture.uns.ac.rs\/eng\/wp-content\/uploads\/2021\/03\/s4-830x593.jpg 830w, https:\/\/architecture.uns.ac.rs\/eng\/wp-content\/uploads\/2021\/03\/s4-230x164.jpg 230w, https:\/\/architecture.uns.ac.rs\/eng\/wp-content\/uploads\/2021\/03\/s4-350x250.jpg 350w, https:\/\/architecture.uns.ac.rs\/eng\/wp-content\/uploads\/2021\/03\/s4-480x343.jpg 480w\" sizes=\"(max-width: 1024px) 100vw, 1024px\" \/>\t\t\t\t\t\t\t\t\t\t\t<\/div>\n\t\t\t\t<\/div>\n\t\t\t\t<\/div>\n\t\t\t\t<div class=\"elementor-element elementor-element-96a58c5 elementor-widget elementor-widget-text-editor\" data-id=\"96a58c5\" data-element_type=\"widget\" data-widget_type=\"text-editor.default\">\n\t\t\t\t<div class=\"elementor-widget-container\">\n\t\t\t\t\t<div class=\"elementor-text-editor elementor-clearfix\"><p style=\"font-size: 10px; text-align: left;\"><span style=\"color: #999999;\"><em>Doctoral dissertation: Contribution to developing methods of the architectural design of school buildings<\/em>, Dejan Ecet, 2019<\/span><br \/><span style=\"color: #999999;\">Dissertation supervisors: Jelena Atanackovi\u0107 Jeli\u010di\u0107, PhD and Milan Rapai\u0107, PhD<\/span> <\/p><\/div>\n\t\t\t\t<\/div>\n\t\t\t\t<\/div>\n\t\t\t\t<div class=\"elementor-element elementor-element-3faf5bf9 elementor-widget__width-initial elementor-widget elementor-widget-text-editor\" data-id=\"3faf5bf9\" data-element_type=\"widget\" data-widget_type=\"text-editor.default\">\n\t\t\t\t<div class=\"elementor-widget-container\">\n\t\t\t\t\t<div class=\"elementor-text-editor elementor-clearfix\"><p>The name of the study program of doctoral academic studies is Architecture. The academic title that is obtained is Doctor of Philosophy &#8211; Architecture (Ph.D.). The final outcome of the education process is the improvement and enhancement of the knowledge acquired during previous levels of study which enables students to become capable of independent scientific research. Doctoral academic studies in Architecture last three years and are worth at least 180 ECTS. Out of that, 80 ECTS credits are obtained by passing exams in specific subjects, 40 ECTS credits through study and research work and passing the exam in Theoretical Foundations of a doctoral dissertation, and 60 ECTS credits are acquired by preparing and defending a doctoral dissertation. The course Doctoral Dissertation &#8211; Theoretical Foundation is a qualifying exam for a doctoral dissertation in which students show that they have mastered the necessary theoretical knowledge in the scientific field of interest. Theoretical Foundations exam consists of two parts: a written proposal where the topic of the planned doctoral dissertation, its research field, research problem, preliminary hypotheses, planned methods of scientific research, as well as lists of literature and other sources, which form the basic research platform are presented. The second part of the exam is the oral defence of the dissertation before the Committee.<\/p><p>Doctoral studies are organized through lectures, research studies, scientific work, preparation and defence of a doctoral dissertation. Doctoral students develop their topics around four research areas: architecture (theory and practice), city, technology and design. At the beginning of the study, the student adopts the basics of the research framework and methodology of its implementation, then gets acquainted with the possibilities of applying the adopted apparatus in the field of architecture, determines multi-layered research contexts and their interpretations for the formation of the research field, gets acquainted with the approaches to the formation of architectural discourse on the basis of conceptual or theoretical frameworks. In their further work, students define their research interests by choosing the subjects they will study, which contribute to the in-depth knowledge and understanding of the area (topic) of their doctoral dissertation.<\/p><p>The elective courses are selected from a group of proposed courses within the study program, but students have the option of choosing other courses according to their preferences and wishes from other study programs at the Faculty of Technical Sciences, the University of Novi Sad or another university in the country or abroad. In this case, the consent of the mentor (advisor) must be obtained and the preconditions pertaining to the elective courses must be met. Doctoral level courses (required or elective) are taught as group courses or individual (mentoring). Group teaching is organized if there are five or more students on a course or if this type of teaching is necessary due to nature (character) of the subject. The decision on the type of teaching and elective courses to be organized is made by the Head of Doctoral Studies with the consent of the Head of Doctoral Studies of the Faculty of Technical Sciences.<\/p><\/div>\n\t\t\t\t<\/div>\n\t\t\t\t<\/div>\n\t\t\t\t<div class=\"elementor-element elementor-element-e4df7fa elementor-widget-divider--view-line elementor-widget elementor-widget-divider\" data-id=\"e4df7fa\" data-element_type=\"widget\" data-widget_type=\"divider.default\">\n\t\t\t\t<div class=\"elementor-widget-container\">\n\t\t\t\t\t<div class=\"elementor-divider\">\n\t\t\t<span class=\"elementor-divider-separator\">\n\t\t\t\t\t\t<\/span>\n\t\t<\/div>\n\t\t\t\t<\/div>\n\t\t\t\t<\/div>\n\t\t\t\t<div class=\"elementor-element elementor-element-e99b9e4 elementor-widget elementor-widget-text-editor\" data-id=\"e99b9e4\" data-element_type=\"widget\" data-widget_type=\"text-editor.default\">\n\t\t\t\t<div class=\"elementor-widget-container\">\n\t\t\t\t\t<div class=\"elementor-text-editor elementor-clearfix\"><h6><strong>Head of the study program Doctoral academic studies<\/strong><\/h6><\/div>\n\t\t\t\t<\/div>\n\t\t\t\t<\/div>\n\t\t\t\t<div class=\"elementor-element elementor-element-ef982b4 elementor-widget-divider--view-line elementor-widget elementor-widget-divider\" data-id=\"ef982b4\" data-element_type=\"widget\" data-widget_type=\"divider.default\">\n\t\t\t\t<div class=\"elementor-widget-container\">\n\t\t\t\t\t<div class=\"elementor-divider\">\n\t\t\t<span class=\"elementor-divider-separator\">\n\t\t\t\t\t\t<\/span>\n\t\t<\/div>\n\t\t\t\t<\/div>\n\t\t\t\t<\/div>\n\t\t\t\t<section class=\"elementor-section elementor-inner-section elementor-element elementor-element-cd736dc elementor-section-boxed elementor-section-height-default elementor-section-height-default\" data-id=\"cd736dc\" data-element_type=\"section\">\n\t\t\t\t\t\t<div class=\"elementor-container elementor-column-gap-default\">\n\t\t\t\t\t\t\t<div class=\"elementor-row\">\n\t\t\t\t\t<div class=\"elementor-column elementor-col-50 elementor-inner-column elementor-element elementor-element-552fd09\" data-id=\"552fd09\" data-element_type=\"column\">\n\t\t\t<div class=\"elementor-column-wrap elementor-element-populated\">\n\t\t\t\t\t\t\t<div class=\"elementor-widget-wrap\">\n\t\t\t\t\t\t<div class=\"elementor-element elementor-element-398c4b4 elementor-widget elementor-widget-text-editor\" data-id=\"398c4b4\" data-element_type=\"widget\" data-widget_type=\"text-editor.default\">\n\t\t\t\t<div class=\"elementor-widget-container\">\n\t\t\t\t\t<div class=\"elementor-text-editor elementor-clearfix\"><h6 style=\"text-align: left;\"><strong>Radivoje Dinulovi\u0107, PhD<\/strong><br \/><span style=\"color: #808080; font-size: 90%;\">Full Professor<\/span><\/h6><p style=\"text-align: left;\"><span style=\"color: #333333; font-size: 100%;\">Contact:<\/span><br \/><span style=\"color: #333333; font-size: 100%;\">+ 381 21\u00a0 485-2643<\/span><br \/><a href=\"mailto:r.dinulovic@uns.ac.rs\"><span style=\"color: #008080;\">r.dinulovic@uns.ac.rs<\/span><\/a><\/p><\/div>\n\t\t\t\t<\/div>\n\t\t\t\t<\/div>\n\t\t\t\t\t\t<\/div>\n\t\t\t\t\t<\/div>\n\t\t<\/div>\n\t\t\t\t<div class=\"elementor-column elementor-col-50 elementor-inner-column elementor-element elementor-element-7a32722\" data-id=\"7a32722\" data-element_type=\"column\">\n\t\t\t<div class=\"elementor-column-wrap elementor-element-populated\">\n\t\t\t\t\t\t\t<div class=\"elementor-widget-wrap\">\n\t\t\t\t\t\t<div class=\"elementor-element elementor-element-714c235 elementor-widget elementor-widget-image\" data-id=\"714c235\" data-element_type=\"widget\" data-widget_type=\"image.default\">\n\t\t\t\t<div class=\"elementor-widget-container\">\n\t\t\t\t\t<div class=\"elementor-image\">\n\t\t\t\t\t\t\t\t\t\t<img src=\"https:\/\/architecture.uns.ac.rs\/eng\/wp-content\/uploads\/2021\/04\/rd.jpg\" title=\"RD\" alt=\"RD\" \/>\t\t\t\t\t\t\t\t\t\t\t<\/div>\n\t\t\t\t<\/div>\n\t\t\t\t<\/div>\n\t\t\t\t\t\t<\/div>\n\t\t\t\t\t<\/div>\n\t\t<\/div>\n\t\t\t\t\t\t\t\t<\/div>\n\t\t\t\t\t<\/div>\n\t\t<\/section>\n\t\t\t\t<div class=\"elementor-element elementor-element-1d264a1 elementor-widget-divider--view-line elementor-widget elementor-widget-divider\" data-id=\"1d264a1\" data-element_type=\"widget\" data-widget_type=\"divider.default\">\n\t\t\t\t<div class=\"elementor-widget-container\">\n\t\t\t\t\t<div class=\"elementor-divider\">\n\t\t\t<span class=\"elementor-divider-separator\">\n\t\t\t\t\t\t<\/span>\n\t\t<\/div>\n\t\t\t\t<\/div>\n\t\t\t\t<\/div>\n\t\t\t\t<div class=\"elementor-element elementor-element-797ee48 elementor-widget__width-initial elementor-widget elementor-widget-text-editor\" data-id=\"797ee48\" data-element_type=\"widget\" data-widget_type=\"text-editor.default\">\n\t\t\t\t<div class=\"elementor-widget-container\">\n\t\t\t\t\t<div class=\"elementor-text-editor elementor-clearfix\"><p>Information on the Doctoral academic studies in Architecture is available on the website of the Faculty of Technical Sciences:<\/p><p><span style=\"text-decoration: underline;\"><span style=\"color: #808080;\"><a style=\"color: #808080; text-decoration: underline;\" href=\"http:\/\/ftn.uns.ac.rs\/n1629149542\/architecture\">http:\/\/ftn.uns.ac.rs\/n1629149542\/architecture<\/a><\/span><\/span><\/p><\/div>\n\t\t\t\t<\/div>\n\t\t\t\t<\/div>\n\t\t\t\t<div class=\"elementor-element elementor-element-390ed6dd elementor-widget elementor-widget-spacer\" data-id=\"390ed6dd\" data-element_type=\"widget\" data-widget_type=\"spacer.default\">\n\t\t\t\t<div class=\"elementor-widget-container\">\n\t\t\t\t\t<div class=\"elementor-spacer\">\n\t\t\t<div class=\"elementor-spacer-inner\"><\/div>\n\t\t<\/div>\n\t\t\t\t<\/div>\n\t\t\t\t<\/div>\n\t\t\t\t<div class=\"elementor-element elementor-element-3239780b elementor-widget elementor-widget-spacer\" data-id=\"3239780b\" data-element_type=\"widget\" data-widget_type=\"spacer.default\">\n\t\t\t\t<div class=\"elementor-widget-container\">\n\t\t\t\t\t<div class=\"elementor-spacer\">\n\t\t\t<div class=\"elementor-spacer-inner\"><\/div>\n\t\t<\/div>\n\t\t\t\t<\/div>\n\t\t\t\t<\/div>\n\t\t\t\t<div class=\"elementor-element elementor-element-429211d0 elementor-widget-divider--view-line elementor-widget elementor-widget-divider\" data-id=\"429211d0\" data-element_type=\"widget\" data-widget_type=\"divider.default\">\n\t\t\t\t<div class=\"elementor-widget-container\">\n\t\t\t\t\t<div class=\"elementor-divider\">\n\t\t\t<span class=\"elementor-divider-separator\">\n\t\t\t\t\t\t<\/span>\n\t\t<\/div>\n\t\t\t\t<\/div>\n\t\t\t\t<\/div>\n\t\t\t\t\t\t<\/div>\n\t\t\t\t\t<\/div>\n\t\t<\/div>\n\t\t\t\t\t\t\t\t<\/div>\n\t\t\t\t\t<\/div>\n\t\t<\/section>\n\t\t\t\t\t\t<\/div>\n\t\t\t\t\t\t<\/div>\n\t\t\t\t\t<\/div>\n\t\t","protected":false},"excerpt":{"rendered":"<p>Architecture Doctoral studies Doctoral dissertation: Contribution to developing methods of the architectural design of school buildings, Dejan Ecet, 2019Dissertation supervisors: Jelena Atanackovi\u0107 Jeli\u010di\u0107, PhD and Milan Rapai\u0107, PhD The name of the study program of doctoral academic studies is Architecture. The academic title that is obtained is Doctor of Philosophy &#8211; Architecture (Ph.D.). The final [&hellip;]<\/p>\n","protected":false},"author":2,"featured_media":0,"parent":0,"menu_order":0,"comment_status":"closed","ping_status":"closed","template":"","meta":{"ngg_post_thumbnail":0},"_links":{"self":[{"href":"https:\/\/architecture.uns.ac.rs\/eng\/wp-json\/wp\/v2\/pages\/1824"}],"collection":[{"href":"https:\/\/architecture.uns.ac.rs\/eng\/wp-json\/wp\/v2\/pages"}],"about":[{"href":"https:\/\/architecture.uns.ac.rs\/eng\/wp-json\/wp\/v2\/types\/page"}],"author":[{"embeddable":true,"href":"https:\/\/architecture.uns.ac.rs\/eng\/wp-json\/wp\/v2\/users\/2"}],"replies":[{"embeddable":true,"href":"https:\/\/architecture.uns.ac.rs\/eng\/wp-json\/wp\/v2\/comments?post=1824"}],"version-history":[{"count":130,"href":"https:\/\/architecture.uns.ac.rs\/eng\/wp-json\/wp\/v2\/pages\/1824\/revisions"}],"predecessor-version":[{"id":11213,"href":"https:\/\/architecture.uns.ac.rs\/eng\/wp-json\/wp\/v2\/pages\/1824\/revisions\/11213"}],"wp:attachment":[{"href":"https:\/\/architecture.uns.ac.rs\/eng\/wp-json\/wp\/v2\/media?parent=1824"}],"curies":[{"name":"wp","href":"https:\/\/api.w.org\/{rel}","templated":true}]}}