{"id":1017,"date":"2020-12-16T12:30:11","date_gmt":"2020-12-16T12:30:11","guid":{"rendered":"http:\/\/arhitektura.uns.ac.rs\/?page_id=1017"},"modified":"2021-04-08T16:33:44","modified_gmt":"2021-04-08T16:33:44","slug":"laboratorije","status":"publish","type":"page","link":"https:\/\/architecture.uns.ac.rs\/eng\/laboratorije\/","title":{"rendered":"\u041b\u0430\u0431\u043e\u0440\u0430\u0442\u043e\u0440\u0438\u0458\u0435"},"content":{"rendered":"\t\t<div data-elementor-type=\"wp-page\" data-elementor-id=\"1017\" class=\"elementor elementor-1017\" data-elementor-settings=\"[]\">\n\t\t\t\t\t\t<div class=\"elementor-inner\">\n\t\t\t\t\t\t\t<div class=\"elementor-section-wrap\">\n\t\t\t\t\t\t\t<section class=\"elementor-section elementor-top-section elementor-element elementor-element-2e30e52 elementor-section-stretched elementor-section-boxed elementor-section-height-default elementor-section-height-default\" data-id=\"2e30e52\" data-element_type=\"section\" data-settings=\"{&quot;stretch_section&quot;:&quot;section-stretched&quot;}\">\n\t\t\t\t\t\t<div class=\"elementor-container elementor-column-gap-custom\">\n\t\t\t\t\t\t\t<div class=\"elementor-row\">\n\t\t\t\t\t<div class=\"elementor-column elementor-col-100 elementor-top-column elementor-element elementor-element-5f9fc1dc\" data-id=\"5f9fc1dc\" data-element_type=\"column\">\n\t\t\t<div class=\"elementor-column-wrap elementor-element-populated\">\n\t\t\t\t\t\t\t<div class=\"elementor-widget-wrap\">\n\t\t\t\t\t\t<div class=\"elementor-element elementor-element-5ac3fc14 elementor-widget elementor-widget-heading\" data-id=\"5ac3fc14\" data-element_type=\"widget\" data-widget_type=\"heading.default\">\n\t\t\t\t<div class=\"elementor-widget-container\">\n\t\t\t<h2 class=\"elementor-heading-title elementor-size-default\">Laboratories<\/h2>\t\t<\/div>\n\t\t\t\t<\/div>\n\t\t\t\t<div class=\"elementor-element elementor-element-9edcef2 elementor-widget elementor-widget-text-editor\" data-id=\"9edcef2\" data-element_type=\"widget\" data-widget_type=\"text-editor.default\">\n\t\t\t\t<div class=\"elementor-widget-container\">\n\t\t\t\t\t<div class=\"elementor-text-editor elementor-clearfix\"><h6><span style=\"color: #808080;\">Department of Architecture and Urbanism<\/span><\/h6><\/div>\n\t\t\t\t<\/div>\n\t\t\t\t<\/div>\n\t\t\t\t<div class=\"elementor-element elementor-element-3f2eb57e elementor-widget-divider--view-line elementor-widget elementor-widget-divider\" data-id=\"3f2eb57e\" data-element_type=\"widget\" data-widget_type=\"divider.default\">\n\t\t\t\t<div class=\"elementor-widget-container\">\n\t\t\t\t\t<div class=\"elementor-divider\">\n\t\t\t<span class=\"elementor-divider-separator\">\n\t\t\t\t\t\t<\/span>\n\t\t<\/div>\n\t\t\t\t<\/div>\n\t\t\t\t<\/div>\n\t\t\t\t<div class=\"elementor-element elementor-element-3dcbf0e elementor-widget elementor-widget-image\" data-id=\"3dcbf0e\" data-element_type=\"widget\" data-widget_type=\"image.default\">\n\t\t\t\t<div class=\"elementor-widget-container\">\n\t\t\t\t\t<div class=\"elementor-image\">\n\t\t\t\t\t\t\t\t\t\t<img width=\"1024\" height=\"908\" src=\"https:\/\/architecture.uns.ac.rs\/eng\/wp-content\/uploads\/2021\/03\/ap3_centar-za-vodene-sportove_mitrovic\u0301-mirkovic\u0301-vojnic\u0301-1-1024x908.jpg\" class=\"attachment-large size-large\" alt=\"\" loading=\"lazy\" srcset=\"https:\/\/architecture.uns.ac.rs\/eng\/wp-content\/uploads\/2021\/03\/ap3_centar-za-vodene-sportove_mitrovic\u0301-mirkovic\u0301-vojnic\u0301-1-1024x908.jpg 1024w, https:\/\/architecture.uns.ac.rs\/eng\/wp-content\/uploads\/2021\/03\/ap3_centar-za-vodene-sportove_mitrovic\u0301-mirkovic\u0301-vojnic\u0301-1-300x266.jpg 300w, https:\/\/architecture.uns.ac.rs\/eng\/wp-content\/uploads\/2021\/03\/ap3_centar-za-vodene-sportove_mitrovic\u0301-mirkovic\u0301-vojnic\u0301-1-768x681.jpg 768w, https:\/\/architecture.uns.ac.rs\/eng\/wp-content\/uploads\/2021\/03\/ap3_centar-za-vodene-sportove_mitrovic\u0301-mirkovic\u0301-vojnic\u0301-1-830x736.jpg 830w, https:\/\/architecture.uns.ac.rs\/eng\/wp-content\/uploads\/2021\/03\/ap3_centar-za-vodene-sportove_mitrovic\u0301-mirkovic\u0301-vojnic\u0301-1-230x204.jpg 230w, https:\/\/architecture.uns.ac.rs\/eng\/wp-content\/uploads\/2021\/03\/ap3_centar-za-vodene-sportove_mitrovic\u0301-mirkovic\u0301-vojnic\u0301-1-350x310.jpg 350w, https:\/\/architecture.uns.ac.rs\/eng\/wp-content\/uploads\/2021\/03\/ap3_centar-za-vodene-sportove_mitrovic\u0301-mirkovic\u0301-vojnic\u0301-1-480x426.jpg 480w, https:\/\/architecture.uns.ac.rs\/eng\/wp-content\/uploads\/2021\/03\/ap3_centar-za-vodene-sportove_mitrovic\u0301-mirkovic\u0301-vojnic\u0301-1.jpg 1128w\" sizes=\"(max-width: 1024px) 100vw, 1024px\" \/>\t\t\t\t\t\t\t\t\t\t\t<\/div>\n\t\t\t\t<\/div>\n\t\t\t\t<\/div>\n\t\t\t\t<div class=\"elementor-element elementor-element-38dcf41 elementor-widget elementor-widget-text-editor\" data-id=\"38dcf41\" data-element_type=\"widget\" data-widget_type=\"text-editor.default\">\n\t\t\t\t<div class=\"elementor-widget-container\">\n\t\t\t\t\t<div class=\"elementor-text-editor elementor-clearfix\"><p style=\"font-size: 10px; text-align: left;\"><span style=\"color: #a9a9a9;\">Architectural Design 3, <em>Centre for Water Sports<\/em>, Kristina Mirkovi\u0107, Petar Mitrovi\u0107, Aleksandra Vojni\u0107, 2021.<\/span><\/p><\/div>\n\t\t\t\t<\/div>\n\t\t\t\t<\/div>\n\t\t\t\t<div class=\"elementor-element elementor-element-287458d elementor-widget elementor-widget-text-editor\" data-id=\"287458d\" data-element_type=\"widget\" data-widget_type=\"text-editor.default\">\n\t\t\t\t<div class=\"elementor-widget-container\">\n\t\t\t\t\t<div class=\"elementor-text-editor elementor-clearfix\"><h5><a href=\"http:\/\/www.arhns.uns.ac.rs\/int\/\">Laboratory for Theories and Interpretations of Space in Architecture and Urbanism<\/a><\/h5><\/div>\n\t\t\t\t<\/div>\n\t\t\t\t<\/div>\n\t\t\t\t<div class=\"elementor-element elementor-element-b7e77b4 elementor-widget-divider--view-line elementor-widget elementor-widget-divider\" data-id=\"b7e77b4\" data-element_type=\"widget\" data-widget_type=\"divider.default\">\n\t\t\t\t<div class=\"elementor-widget-container\">\n\t\t\t\t\t<div class=\"elementor-divider\">\n\t\t\t<span class=\"elementor-divider-separator\">\n\t\t\t\t\t\t<\/span>\n\t\t<\/div>\n\t\t\t\t<\/div>\n\t\t\t\t<\/div>\n\t\t\t\t<div class=\"elementor-element elementor-element-4a0273d elementor-widget elementor-widget-text-editor\" data-id=\"4a0273d\" data-element_type=\"widget\" data-widget_type=\"text-editor.default\">\n\t\t\t\t<div class=\"elementor-widget-container\">\n\t\t\t\t\t<div class=\"elementor-text-editor elementor-clearfix\"><h5><a href=\"http:\/\/www.arhns.uns.ac.rs\/cdd\/\">Laboratory for Interactive Architectural Visualization<\/a><\/h5><\/div>\n\t\t\t\t<\/div>\n\t\t\t\t<\/div>\n\t\t\t\t<div class=\"elementor-element elementor-element-ddd2a6a elementor-widget-divider--view-line elementor-widget elementor-widget-divider\" data-id=\"ddd2a6a\" data-element_type=\"widget\" data-widget_type=\"divider.default\">\n\t\t\t\t<div class=\"elementor-widget-container\">\n\t\t\t\t\t<div class=\"elementor-divider\">\n\t\t\t<span class=\"elementor-divider-separator\">\n\t\t\t\t\t\t<\/span>\n\t\t<\/div>\n\t\t\t\t<\/div>\n\t\t\t\t<\/div>\n\t\t\t\t<div class=\"elementor-element elementor-element-3c4212d elementor-widget elementor-widget-text-editor\" data-id=\"3c4212d\" data-element_type=\"widget\" data-widget_type=\"text-editor.default\">\n\t\t\t\t<div class=\"elementor-widget-container\">\n\t\t\t\t\t<div class=\"elementor-text-editor elementor-clearfix\"><h5><a href=\"http:\/\/www.arhns.uns.ac.rs\/digital\/\">Laboratory for Digital Fabrication in Architecture<\/a><\/h5><\/div>\n\t\t\t\t<\/div>\n\t\t\t\t<\/div>\n\t\t\t\t<div class=\"elementor-element elementor-element-86fa890 elementor-widget-divider--view-line elementor-widget elementor-widget-divider\" data-id=\"86fa890\" data-element_type=\"widget\" data-widget_type=\"divider.default\">\n\t\t\t\t<div class=\"elementor-widget-container\">\n\t\t\t\t\t<div class=\"elementor-divider\">\n\t\t\t<span class=\"elementor-divider-separator\">\n\t\t\t\t\t\t<\/span>\n\t\t<\/div>\n\t\t\t\t<\/div>\n\t\t\t\t<\/div>\n\t\t\t\t<div class=\"elementor-element elementor-element-7747533 elementor-widget elementor-widget-text-editor\" data-id=\"7747533\" data-element_type=\"widget\" data-widget_type=\"text-editor.default\">\n\t\t\t\t<div class=\"elementor-widget-container\">\n\t\t\t\t\t<div class=\"elementor-text-editor elementor-clearfix\"><h5><a href=\"http:\/\/www.scen.uns.ac.rs\/eng\">Scene Laboratory &#8220;Borislav Gvoji\u0107&#8221;<\/a><\/h5><\/div>\n\t\t\t\t<\/div>\n\t\t\t\t<\/div>\n\t\t\t\t<div class=\"elementor-element elementor-element-8aa5695 elementor-widget-divider--view-line elementor-widget elementor-widget-divider\" data-id=\"8aa5695\" data-element_type=\"widget\" data-widget_type=\"divider.default\">\n\t\t\t\t<div class=\"elementor-widget-container\">\n\t\t\t\t\t<div class=\"elementor-divider\">\n\t\t\t<span class=\"elementor-divider-separator\">\n\t\t\t\t\t\t<\/span>\n\t\t<\/div>\n\t\t\t\t<\/div>\n\t\t\t\t<\/div>\n\t\t\t\t<div class=\"elementor-element elementor-element-7e19522 elementor-widget elementor-widget-text-editor\" data-id=\"7e19522\" data-element_type=\"widget\" data-widget_type=\"text-editor.default\">\n\t\t\t\t<div class=\"elementor-widget-container\">\n\t\t\t\t\t<div class=\"elementor-text-editor elementor-clearfix\"><h5>Art Laboratory &#8220;Bogdanka Poznanovi\u0107&#8221;<\/h5><\/div>\n\t\t\t\t<\/div>\n\t\t\t\t<\/div>\n\t\t\t\t<div class=\"elementor-element elementor-element-324ed4e elementor-widget-divider--view-line elementor-widget elementor-widget-divider\" data-id=\"324ed4e\" data-element_type=\"widget\" data-widget_type=\"divider.default\">\n\t\t\t\t<div class=\"elementor-widget-container\">\n\t\t\t\t\t<div class=\"elementor-divider\">\n\t\t\t<span class=\"elementor-divider-separator\">\n\t\t\t\t\t\t<\/span>\n\t\t<\/div>\n\t\t\t\t<\/div>\n\t\t\t\t<\/div>\n\t\t\t\t<div class=\"elementor-element elementor-element-0c90349 elementor-widget elementor-widget-spacer\" data-id=\"0c90349\" data-element_type=\"widget\" data-widget_type=\"spacer.default\">\n\t\t\t\t<div class=\"elementor-widget-container\">\n\t\t\t\t\t<div class=\"elementor-spacer\">\n\t\t\t<div class=\"elementor-spacer-inner\"><\/div>\n\t\t<\/div>\n\t\t\t\t<\/div>\n\t\t\t\t<\/div>\n\t\t\t\t<div class=\"elementor-element elementor-element-c584f7c elementor-widget-divider--view-line elementor-widget elementor-widget-divider\" data-id=\"c584f7c\" data-element_type=\"widget\" data-widget_type=\"divider.default\">\n\t\t\t\t<div class=\"elementor-widget-container\">\n\t\t\t\t\t<div class=\"elementor-divider\">\n\t\t\t<span class=\"elementor-divider-separator\">\n\t\t\t\t\t\t<\/span>\n\t\t<\/div>\n\t\t\t\t<\/div>\n\t\t\t\t<\/div>\n\t\t\t\t\t\t<\/div>\n\t\t\t\t\t<\/div>\n\t\t<\/div>\n\t\t\t\t\t\t\t\t<\/div>\n\t\t\t\t\t<\/div>\n\t\t<\/section>\n\t\t\t\t\t\t<\/div>\n\t\t\t\t\t\t<\/div>\n\t\t\t\t\t<\/div>\n\t\t","protected":false},"excerpt":{"rendered":"<p>Laboratories Department of Architecture and Urbanism Architectural Design 3, Centre for Water Sports, Kristina Mirkovi\u0107, Petar Mitrovi\u0107, Aleksandra Vojni\u0107, 2021. Laboratory for Theories and Interpretations of Space in Architecture and Urbanism Laboratory for Interactive Architectural Visualization Laboratory for Digital Fabrication in Architecture Scene Laboratory &#8220;Borislav Gvoji\u0107&#8221; Art Laboratory &#8220;Bogdanka Poznanovi\u0107&#8221;<\/p>\n","protected":false},"author":2,"featured_media":0,"parent":0,"menu_order":0,"comment_status":"closed","ping_status":"closed","template":"","meta":{"ngg_post_thumbnail":0},"_links":{"self":[{"href":"https:\/\/architecture.uns.ac.rs\/eng\/wp-json\/wp\/v2\/pages\/1017"}],"collection":[{"href":"https:\/\/architecture.uns.ac.rs\/eng\/wp-json\/wp\/v2\/pages"}],"about":[{"href":"https:\/\/architecture.uns.ac.rs\/eng\/wp-json\/wp\/v2\/types\/page"}],"author":[{"embeddable":true,"href":"https:\/\/architecture.uns.ac.rs\/eng\/wp-json\/wp\/v2\/users\/2"}],"replies":[{"embeddable":true,"href":"https:\/\/architecture.uns.ac.rs\/eng\/wp-json\/wp\/v2\/comments?post=1017"}],"version-history":[{"count":158,"href":"https:\/\/architecture.uns.ac.rs\/eng\/wp-json\/wp\/v2\/pages\/1017\/revisions"}],"predecessor-version":[{"id":10933,"href":"https:\/\/architecture.uns.ac.rs\/eng\/wp-json\/wp\/v2\/pages\/1017\/revisions\/10933"}],"wp:attachment":[{"href":"https:\/\/architecture.uns.ac.rs\/eng\/wp-json\/wp\/v2\/media?parent=1017"}],"curies":[{"name":"wp","href":"https:\/\/api.w.org\/{rel}","templated":true}]}}